{"id":22232,"date":"2025-06-30T10:01:58","date_gmt":"2025-06-30T08:01:58","guid":{"rendered":"https:\/\/www.brikol.sk\/?post_type=product&#038;p=22232"},"modified":"2026-03-10T14:14:48","modified_gmt":"2026-03-10T13:14:48","slug":"samozatvaraci-pant-isotra-pre-sietove-dvere","status":"publish","type":"product","link":"https:\/\/www.brikol.sk\/hu\/produkt\/samozatvaraci-pant-isotra-pre-sietove-dvere\/","title":{"rendered":"Samozatv\u00e1rac\u00ed p\u00e1nt ISOTRA pre sie\u0165ov\u00e9 dvere \/ kus"},"content":{"rendered":"<h1><strong><span style=\"font-size: 85%;\">Samozatv\u00e1rac\u00ed p\u00e1nt ISOTRA pre sie\u0165ov\u00e9 dvere \u2013 Komfort a spo\u013eahlivos\u0165<\/span><\/strong><\/h1>\n<p>Tento samozatv\u00e1rac\u00ed p\u00e1nt skvele pasuje na sie\u0165ov\u00e9 dvere ISOTRA, \u010d\u00edm zvy\u0161uje ich funk\u010dnos\u0165 a u\u017e\u00edvate\u013esk\u00fd komfort. Je univerz\u00e1lny, tak\u017ee ho bez probl\u00e9mov pou\u017eijete aj na in\u00e9 typy dver\u00ed. Automatick\u00e9 zatv\u00e1ranie zvy\u0161uje v\u00e1\u0161 komfort a spo\u013eahlivo br\u00e1ni hmyzu vo vstupe. U\u017e \u017eiadne starosti s otvoren\u00fdmi dverami a nezvan\u00fdmi okr\u00eddlen\u00fdmi n\u00e1v\u0161tevn\u00edkmi! P\u00e1nt prispieva k zv\u00fd\u0161eniu v\u00e1\u0161ho pohodlia domova, najm\u00e4 po\u010das tepl\u00fdch letn\u00fdch mesiacov, ke\u010f je v\u00fdskyt hmyzu najvy\u0161\u0161\u00ed.<\/p>\n<p>Pre dosiahnutie najlep\u0161ieho v\u00fdsledku a optim\u00e1lneho fungovania odpor\u00fa\u010dame na jedny dvere pou\u017ei\u0165 dva samozatv\u00e1racie p\u00e1nty a jeden klasick\u00fd p\u00e1nt. T\u00e1to kombin\u00e1cia zaru\u010duje dostato\u010dn\u00fa oporu a plynul\u00e9 zatv\u00e1ranie. Ak v\u0161ak t\u00fa\u017eite po maxim\u00e1lnom pohodl\u00ed a bezstarostnej prev\u00e1dzke, m\u00f4\u017eete v\u0161etky tri p\u00e1nty na dver\u00e1ch vymeni\u0165 za samozatv\u00e1racie. T\u00fdmto sp\u00f4sobom dosiahnete \u00faplne automatick\u00e9 zatv\u00e1ranie bez akejko\u013evek n\u00e1mahy. Samozatv\u00e1racie p\u00e1nty s\u00fa ide\u00e1lne pre rodiny s de\u0165mi alebo dom\u00e1cimi zvieratami, preto\u017ee eliminuj\u00fa riziko n\u00e1hodn\u00e9ho ponechania dver\u00ed otvoren\u00fdch.<\/p>\n<h3>Ako ur\u010di\u0165 prav\u00fd alebo \u013eav\u00fd samozatv\u00e1rac\u00ed p\u00e1nt?<\/h3>\n<p>Ur\u010denie spr\u00e1vnej orient\u00e1cie p\u00e1ntu je jednoduch\u00e9 a intuit\u00edvne. Postavte sa priamo pred sie\u0165ov\u00e9 dvere tak, aby sa otv\u00e1rali smerom k v\u00e1m. Ak vid\u00edte p\u00e1nty na pravej strane r\u00e1mu dver\u00ed, potrebujete prav\u00e9 p\u00e1nty. Ak s\u00fa na \u013eavej strane, zvo\u013ete \u013eav\u00e9 p\u00e1nty. Toto pravidlo plat\u00ed univerz\u00e1lne a zabezpe\u010d\u00ed, \u017ee zak\u00fapite spr\u00e1vny typ p\u00e1ntu pre va\u0161e dvere. Pri v\u00fdbere p\u00e1ntov dbajte aj na to, aby ste ich farebne zladili s r\u00e1mom va\u0161ej dvernej sie\u0165ky. Pon\u00fakame \u0161irok\u00fa \u0161k\u00e1lu farieb, aby ste dosiahli esteticky dokonal\u00fd v\u00fdsledok. V na\u0161ej ponuke n\u00e1jdete p\u00e1nty vo farb\u00e1ch:<\/p>\n<ul>\n<li>Biela<\/li>\n<li>Svetlohned\u00e1<\/li>\n<li>Tmavohned\u00e1<\/li>\n<li>Antracit<\/li>\n<\/ul>\n<p>T\u00e1to farebn\u00e1 rozmanitos\u0165 v\u00e1m umo\u017en\u00ed dokonale prisp\u00f4sobi\u0165 p\u00e1nty existuj\u00facemu dizajnu va\u0161ich dver\u00ed a domova.<\/p>\n<h3>Pred\u013a\u017ete \u017eivotnos\u0165 va\u0161ich dver\u00ed a sie\u0165oviny<\/h3>\n<p>Okrem samozatv\u00e1rac\u00edch p\u00e1ntov mysl\u00edme aj na kompletn\u00fa starostlivos\u0165 o va\u0161e sie\u0165ov\u00e9 dvere. Ak m\u00e1te po\u0161koden\u00fa sie\u0165ovinu na dver\u00e1ch v d\u00f4sledku opotrebovania alebo mechanick\u00e9ho po\u0161kodenia, v na\u0161ej ponuke n\u00e1jdete aj kvalitn\u00fa<span style=\"color: #000080;\"> <a style=\"color: #000080;\" href=\"https:\/\/www.brikol.sk\/produkt\/nahradna-sietovina-pre-sietky-proti-hmyzu-100-cm-meter\/\">n\u00e1hradn\u00fa sie\u0165ovinu.<\/a><\/span> Spolu s \u0148ou pon\u00fakame aj <a href=\"https:\/\/www.brikol.sk\/produkt\/zaistovacia-guma-na-uchytenie-sietoviny-do-ramu-sietky-proti-hmyzu\/\"><span style=\"color: #0000ff;\">zais\u0165ovacie tesnenie<\/span><\/a>, ktor\u00e9 je nevyhnutn\u00e9 pre pevn\u00e9 a bezpe\u010dn\u00e9 uchytenie novej sie\u0165oviny do r\u00e1mu dver\u00ed. V\u00fdmenu sie\u0165oviny zvl\u00e1dnete s minim\u00e1lnym \u00fasil\u00edm, \u010d\u00edm pred\u013a\u017eite \u017eivotnos\u0165 va\u0161ich dver\u00ed a udr\u017e\u00edte ich plne funk\u010dn\u00e9.<\/p>\n<p>Z technick\u00e9ho h\u013eadiska s\u00fa na\u0161e samozatv\u00e1racie p\u00e1nty vybaven\u00e9 prec\u00edznym pru\u017einov\u00fdm mechanizmom, ktor\u00fd zabezpe\u010duje kontrolovan\u00e9 a tich\u00e9 zatv\u00e1ranie. P\u00e1nty vyr\u00e1bame z vysoko odoln\u00e9ho materi\u00e1lu, ktor\u00fd odol\u00e1va kor\u00f3zii a UV \u017eiareniu, \u010do zaru\u010duje ich dlh\u00fa \u017eivotnos\u0165 a spo\u013eahliv\u00fa funk\u010dnos\u0165 aj v n\u00e1ro\u010dn\u00fdch vonkaj\u0161\u00edch podmienkach. P\u00e1nty testujeme na tis\u00edce cyklov otvorenia a zatvorenia, \u010do potvrdzuje ich vysok\u00fa kvalitu a odolnos\u0165. Jednoduch\u00e1 mont\u00e1\u017e pomocou \u0161tandardn\u00e9ho n\u00e1radia rob\u00ed z t\u00fdchto p\u00e1ntov ide\u00e1lne rie\u0161enie pre ka\u017ed\u00e9ho majite\u013ea.<\/p>\n","protected":false},"excerpt":{"rendered":"<h2>Samozatv\u00e1rac\u00ed p\u00e1nt ISOTRA pre sie\u0165ov\u00e9 dvere<\/h2>\n<p>Samozatv\u00e1rac\u00ed p\u00e1nt ISOTRA na sie\u0165ov\u00e9 dvere je ide\u00e1lny pre automatick\u00e9 zatv\u00e1ranie, \u010di u\u017e na dvere ISOTRA alebo in\u00e9 typy. Zvy\u0161uje komfort a chr\u00e1ni pred hmyzom. Vyberte si prav\u00e9 alebo \u013eav\u00e9 p\u00e1nty vo farbe r\u00e1mu va\u0161ej sie\u0165ky (biela,svetlohned\u00e1, tmavohned\u00e1, antracit).<\/p>\n<p>&nbsp;<\/p>\n<p>&nbsp;<\/p>\n","protected":false},"featured_media":22275,"comment_status":"open","ping_status":"closed","template":"","meta":[],"product_cat":[83,100],"product_tag":[],"_links":{"self":[{"href":"https:\/\/www.brikol.sk\/hu\/wp-json\/wp\/v2\/product\/22232"}],"collection":[{"href":"https:\/\/www.brikol.sk\/hu\/wp-json\/wp\/v2\/product"}],"about":[{"href":"https:\/\/www.brikol.sk\/hu\/wp-json\/wp\/v2\/types\/product"}],"replies":[{"embeddable":true,"href":"https:\/\/www.brikol.sk\/hu\/wp-json\/wp\/v2\/comments?post=22232"}],"wp:featuredmedia":[{"embeddable":true,"href":"https:\/\/www.brikol.sk\/hu\/wp-json\/wp\/v2\/media\/22275"}],"wp:attachment":[{"href":"https:\/\/www.brikol.sk\/hu\/wp-json\/wp\/v2\/media?parent=22232"}],"wp:term":[{"taxonomy":"product_cat","embeddable":true,"href":"https:\/\/www.brikol.sk\/hu\/wp-json\/wp\/v2\/product_cat?post=22232"},{"taxonomy":"product_tag","embeddable":true,"href":"https:\/\/www.brikol.sk\/hu\/wp-json\/wp\/v2\/product_tag?post=22232"}],"curies":[{"name":"wp","href":"https:\/\/api.w.org\/{rel}","templated":true}]}}