{"id":2234,"date":"2020-06-01T09:20:39","date_gmt":"2020-06-01T07:20:39","guid":{"rendered":"https:\/\/www.brikol.sk\/?post_type=product&#038;p=2234"},"modified":"2026-03-18T10:49:12","modified_gmt":"2026-03-18T09:49:12","slug":"krytky-pantov-winkhaus-pro-pilot","status":"publish","type":"product","link":"https:\/\/www.brikol.sk\/hu\/produkt\/krytky-pantov-winkhaus-pro-pilot\/","title":{"rendered":"Krytky p\u00e1ntov Winkhaus PRO PILOT pre plastov\u00e9 okn\u00e1 \/ sada"},"content":{"rendered":"<p>Sada krytiek na plastov\u00e9 okn\u00e1 s kovan\u00edm Winkhaus pro pilot<\/p>\n<p>Vrchn\u00e1 krytka r\u00e1mov\u00e9ho lo\u017eiska &#8211; 76 mm, rozte\u010d 31 mm (K.SL.K.U)<br \/>\nVrchn\u00e1 krytka kr\u00eddlov\u00e9ho uholn\u00edku &#8211; 30 mm (K.SK.U.WS)<br \/>\nSpodn\u00e1 krytka r\u00e1mov\u00e9ho dielu mal\u00e1 &#8211; 17 mm (K.ELK.U.WS)<br \/>\nSpodn\u00e1 krytka kr\u00eddlov\u00e9ho dielu -57 mm (K.FK.K.U)<\/p>\n","protected":false},"excerpt":{"rendered":"<p>Sada krytiek na plastov\u00e9 okn\u00e1 s kovan\u00edm Winkhaus pro pilot<\/p>\n","protected":false},"featured_media":8111,"comment_status":"open","ping_status":"closed","template":"","meta":[],"product_cat":[68,211,101,212],"product_tag":[],"_links":{"self":[{"href":"https:\/\/www.brikol.sk\/hu\/wp-json\/wp\/v2\/product\/2234"}],"collection":[{"href":"https:\/\/www.brikol.sk\/hu\/wp-json\/wp\/v2\/product"}],"about":[{"href":"https:\/\/www.brikol.sk\/hu\/wp-json\/wp\/v2\/types\/product"}],"replies":[{"embeddable":true,"href":"https:\/\/www.brikol.sk\/hu\/wp-json\/wp\/v2\/comments?post=2234"}],"wp:featuredmedia":[{"embeddable":true,"href":"https:\/\/www.brikol.sk\/hu\/wp-json\/wp\/v2\/media\/8111"}],"wp:attachment":[{"href":"https:\/\/www.brikol.sk\/hu\/wp-json\/wp\/v2\/media?parent=2234"}],"wp:term":[{"taxonomy":"product_cat","embeddable":true,"href":"https:\/\/www.brikol.sk\/hu\/wp-json\/wp\/v2\/product_cat?post=2234"},{"taxonomy":"product_tag","embeddable":true,"href":"https:\/\/www.brikol.sk\/hu\/wp-json\/wp\/v2\/product_tag?post=2234"}],"curies":[{"name":"wp","href":"https:\/\/api.w.org\/{rel}","templated":true}]}}