{"id":22623,"date":"2025-08-05T13:18:10","date_gmt":"2025-08-05T11:18:10","guid":{"rendered":"https:\/\/www.brikol.sk\/?post_type=product&#038;p=22623"},"modified":"2026-03-30T13:15:22","modified_gmt":"2026-03-30T11:15:22","slug":"priesvitna-sietovina-proti-hmyzu","status":"publish","type":"product","link":"https:\/\/www.brikol.sk\/hu\/produkt\/priesvitna-sietovina-proti-hmyzu\/","title":{"rendered":"Priesvitn\u00e1 sie\u0165ovina proti hmyzu 160 cm\/meter"},"content":{"rendered":"<div class=\"product-short-description\">\n<h2>Priesvitn\u00e1 sie\u0165ovina proti hmyzu 160 cm<\/h2>\n<p>Predstavujeme efekt\u00edvne rie\u0161enie, ktor\u00e9 rie\u0161i \u010dast\u00fd probl\u00e9m zatienenia interi\u00e9ru. T\u00e1to <b>priesvitn\u00e1 sie\u0165ovina proti hmyzu<\/b> s rozmerom 160 cm je ide\u00e1lna na v\u00fdmenu siet\u00ed na okn\u00e1ch a dver\u00e1ch. Jej hlavn\u00fdm benefitom je, \u017ee v\u00fdrazne zni\u017euje vizu\u00e1lnu bari\u00e9ru a prep\u00fa\u0161\u0165a viac prirodzen\u00e9ho svetla. T\u00fdm vytv\u00e1ra otvorenej\u0161\u00ed a jasnej\u0161\u00ed priestor vo va\u0161ej dom\u00e1cnosti.<\/p>\n<h3>Vlastnosti a technick\u00e9 \u0161pecifik\u00e1cie<\/h3>\n<p>Sie\u0165ovinu sme navrhli tak, aby minimalizovala stratu svetla. Je vyroben\u00e1 z materi\u00e1lu so \u0161peci\u00e1lnou \u0161trukt\u00farou vl\u00e1kien, ktor\u00fdch priemer je ten\u0161\u00ed ako u be\u017en\u00fdch sie\u0165ov\u00edn. Napriek tomu si sie\u0165ovina udr\u017eiava <b>vysok\u00fa pevnos\u0165 v \u0165ahu a odolnos\u0165 proti pretrhnutiu<\/b>. Testy v podmienkach be\u017en\u00e9ho dom\u00e1ceho pou\u017e\u00edvania potvrdzuj\u00fa jej trvanlivos\u0165 a dlh\u00fa \u017eivotnos\u0165.<\/p>\n<p>Jedine\u010dn\u00e1 \u0161trukt\u00fara materi\u00e1lu zabezpe\u010duje vysok\u00fa <b>odolnos\u0165 vo\u010di poveternostn\u00fdm vplyvom<\/b> vr\u00e1tane UV \u017eiarenia. Sie\u0165ovina preto nebledne a jej farba sa nemen\u00ed. Na r\u00e1me p\u00f4sob\u00ed subt\u00edlnej\u0161ie a menej n\u00e1padne, \u010do ocen\u00edte v modern\u00fdch interi\u00e9roch s d\u00f4razom na maxim\u00e1lny prienik svetla.<\/p>\n<p>Sie\u0165ovinu dod\u00e1vame v \u0161\u00edrke 160 cm, \u010do ju rob\u00ed univerz\u00e1lnou pre r\u00f4zne typy r\u00e1mov \u2013 od pevn\u00fdch siet\u00ed, cez rolovacie a\u017e po dverov\u00e9 syst\u00e9my. N\u00edzka hmotnos\u0165 u\u013eah\u010duje manipul\u00e1ciu aj in\u0161tal\u00e1ciu. V\u010faka t\u00fdmto vlastnostiam predstavuje pr\u00e9miov\u00fd upgrade pre ka\u017ed\u00fa sie\u0165ku, ktor\u00e1 m\u00e1 chr\u00e1ni\u0165 interi\u00e9r pred hmyzom bez kompromisov v svetelnosti.<\/p>\n<p><strong>Sie\u0165ovinu dod\u00e1vame VCELKU pod\u013ea objednan\u00e9ho po\u010dtu metrov.<\/strong><\/p>\n<div class=\"p-short-description\" data-testid=\"productCardShortDescr\">\n<p><span style=\"color: #ff0000;\">Maxim\u00e1lna d\u013a\u017eka neobmedzen\u00e1, av\u0161ak najdlh\u0161\u00ed nerozdelen\u00fd n\u00e1vin &#8211; 30 m.<\/span><br \/>\n<span style=\"color: #ff0000;\">Objedn\u00e1vky dlh\u0161ie ako 30 m bud\u00fa rozdelen\u00e9 na 2 a viac kusov (napr. 40 m =\u00a0 30 m + 10 m). Pri objednan\u00ed napr. 4m, zadan\u00ed do ko\u0161\u00edka \u010d\u00edslo 4 &#8211; sie\u0165ovina nameran\u00e1 v CELKU s\u00favisle 4m.<\/span><\/p>\n<p><strong>Videon\u00e1vod na v\u00fdmenu sie\u0165oviny:<\/strong><span style=\"color: #000080;\"><strong> <a style=\"color: #000080;\" href=\"https:\/\/www.youtube.com\/watch?v=LL8OxADOhLU\">TU<\/a><\/strong><\/span><\/p>\n<p>&nbsp;<\/p>\n<\/div>\n<\/div>\n","protected":false},"excerpt":{"rendered":"<p><b>Priesvitn\u00e1 sie\u0165ovina proti hmyzu<\/b> s rozmermi 160 cm, navrhnut\u00e1 pre maxim\u00e1lnu sveteln\u00fa priepustnos\u0165. Jej tenk\u00e9, no vysoko odoln\u00e9 vl\u00e1kna minimalizuj\u00fa zatienenie interi\u00e9ru, zatia\u013e \u010do si materi\u00e1l zachov\u00e1va svoju \u0161truktur\u00e1lnu pevnos\u0165 a dlhodob\u00fa odolnos\u0165 proti po\u0161kodeniu a UV \u017eiareniu. Ide\u00e1lna n\u00e1hrada pre v\u0161etky typy r\u00e1mov siet\u00ed proti hmyzu.<\/p>\n<p><strong>Sie\u0165ovinu dod\u00e1vame VCELKU pod\u013ea objednan\u00e9ho po\u010dtu metrov.<\/strong><\/p>\n<div class=\"p-short-description\" data-testid=\"productCardShortDescr\">\n<p><span style=\"color: #ff0000;\">Maxim\u00e1lna d\u013a\u017eka nie je\u00a0 obmedzen\u00e1, av\u0161ak\u00a0najdlh\u0161\u00ed nerozdelen\u00fd n\u00e1vin je 30 m.<\/span><br \/>\n<span style=\"color: #ff0000;\">Objedn\u00e1vky dlh\u0161ie ako 30 m bud\u00fa rozdelen\u00e9 na 2 a viac kusov (napr. 40 m =\u00a0 30 m + 10 m). Pri objednan\u00ed napr. 4m a zadan\u00ed do ko\u0161\u00edka \u010d\u00edslo 4 bude sie\u0165ovina v celku 4m.<br \/>\n<\/span><\/p>\n<p>&nbsp;<\/p>\n<\/div>\n","protected":false},"featured_media":25022,"comment_status":"open","ping_status":"closed","template":"","meta":[],"product_cat":[83,99],"product_tag":[],"_links":{"self":[{"href":"https:\/\/www.brikol.sk\/hu\/wp-json\/wp\/v2\/product\/22623"}],"collection":[{"href":"https:\/\/www.brikol.sk\/hu\/wp-json\/wp\/v2\/product"}],"about":[{"href":"https:\/\/www.brikol.sk\/hu\/wp-json\/wp\/v2\/types\/product"}],"replies":[{"embeddable":true,"href":"https:\/\/www.brikol.sk\/hu\/wp-json\/wp\/v2\/comments?post=22623"}],"wp:featuredmedia":[{"embeddable":true,"href":"https:\/\/www.brikol.sk\/hu\/wp-json\/wp\/v2\/media\/25022"}],"wp:attachment":[{"href":"https:\/\/www.brikol.sk\/hu\/wp-json\/wp\/v2\/media?parent=22623"}],"wp:term":[{"taxonomy":"product_cat","embeddable":true,"href":"https:\/\/www.brikol.sk\/hu\/wp-json\/wp\/v2\/product_cat?post=22623"},{"taxonomy":"product_tag","embeddable":true,"href":"https:\/\/www.brikol.sk\/hu\/wp-json\/wp\/v2\/product_tag?post=22623"}],"curies":[{"name":"wp","href":"https:\/\/api.w.org\/{rel}","templated":true}]}}