{"id":22834,"date":"2026-02-09T14:40:05","date_gmt":"2026-02-09T13:40:05","guid":{"rendered":"https:\/\/www.brikol.sk\/?post_type=product&#038;p=22834"},"modified":"2026-03-31T18:20:46","modified_gmt":"2026-03-31T16:20:46","slug":"distancne-podlozky-sierant-venus","status":"publish","type":"product","link":"https:\/\/www.brikol.sk\/hu\/produkt\/distancne-podlozky-sierant-venus\/","title":{"rendered":"Di\u0161tan\u010dn\u00e9 podlo\u017eky  Sierant &#8211; venus"},"content":{"rendered":"","protected":false},"excerpt":{"rendered":"","protected":false},"featured_media":22841,"comment_status":"open","ping_status":"closed","template":"","meta":[],"product_cat":[240,65],"product_tag":[],"_links":{"self":[{"href":"https:\/\/www.brikol.sk\/hu\/wp-json\/wp\/v2\/product\/22834"}],"collection":[{"href":"https:\/\/www.brikol.sk\/hu\/wp-json\/wp\/v2\/product"}],"about":[{"href":"https:\/\/www.brikol.sk\/hu\/wp-json\/wp\/v2\/types\/product"}],"replies":[{"embeddable":true,"href":"https:\/\/www.brikol.sk\/hu\/wp-json\/wp\/v2\/comments?post=22834"}],"wp:featuredmedia":[{"embeddable":true,"href":"https:\/\/www.brikol.sk\/hu\/wp-json\/wp\/v2\/media\/22841"}],"wp:attachment":[{"href":"https:\/\/www.brikol.sk\/hu\/wp-json\/wp\/v2\/media?parent=22834"}],"wp:term":[{"taxonomy":"product_cat","embeddable":true,"href":"https:\/\/www.brikol.sk\/hu\/wp-json\/wp\/v2\/product_cat?post=22834"},{"taxonomy":"product_tag","embeddable":true,"href":"https:\/\/www.brikol.sk\/hu\/wp-json\/wp\/v2\/product_tag?post=22834"}],"curies":[{"name":"wp","href":"https:\/\/api.w.org\/{rel}","templated":true}]}}