{"id":22921,"date":"2026-03-03T14:04:23","date_gmt":"2026-03-03T13:04:23","guid":{"rendered":"https:\/\/www.brikol.sk\/?post_type=product&#038;p=22921"},"modified":"2026-03-18T14:28:07","modified_gmt":"2026-03-18T13:28:07","slug":"zakladna-cast-sierant-venus","status":"publish","type":"product","link":"https:\/\/www.brikol.sk\/hu\/produkt\/zakladna-cast-sierant-venus\/","title":{"rendered":"Z\u00e1kladn\u00e1 \u010das\u0165 Sierant &#8211; venus"},"content":{"rendered":"","protected":false},"excerpt":{"rendered":"<p>Z\u00e1kladn\u00e1 \u010das\u0165 horizont\u00e1lnej \u017eal\u00fazie pre \u017eal\u00fazie Sierant Venus<\/p>\n","protected":false},"featured_media":22934,"comment_status":"open","ping_status":"closed","template":"","meta":[],"product_cat":[240,65],"product_tag":[],"_links":{"self":[{"href":"https:\/\/www.brikol.sk\/hu\/wp-json\/wp\/v2\/product\/22921"}],"collection":[{"href":"https:\/\/www.brikol.sk\/hu\/wp-json\/wp\/v2\/product"}],"about":[{"href":"https:\/\/www.brikol.sk\/hu\/wp-json\/wp\/v2\/types\/product"}],"replies":[{"embeddable":true,"href":"https:\/\/www.brikol.sk\/hu\/wp-json\/wp\/v2\/comments?post=22921"}],"wp:featuredmedia":[{"embeddable":true,"href":"https:\/\/www.brikol.sk\/hu\/wp-json\/wp\/v2\/media\/22934"}],"wp:attachment":[{"href":"https:\/\/www.brikol.sk\/hu\/wp-json\/wp\/v2\/media?parent=22921"}],"wp:term":[{"taxonomy":"product_cat","embeddable":true,"href":"https:\/\/www.brikol.sk\/hu\/wp-json\/wp\/v2\/product_cat?post=22921"},{"taxonomy":"product_tag","embeddable":true,"href":"https:\/\/www.brikol.sk\/hu\/wp-json\/wp\/v2\/product_tag?post=22921"}],"curies":[{"name":"wp","href":"https:\/\/api.w.org\/{rel}","templated":true}]}}