{"id":250,"date":"2018-01-17T17:46:36","date_gmt":"2018-01-17T16:46:36","guid":{"rendered":"http:\/\/www.brikol.sk\/produkt\/zakladna-cast-basic-biela-par\/"},"modified":"2026-04-21T16:19:42","modified_gmt":"2026-04-21T14:19:42","slug":"zakladna-cast-basic-biela-nahradne-diely-na-zaluzie","status":"publish","type":"product","link":"https:\/\/www.brikol.sk\/hu\/produkt\/zakladna-cast-basic-biela-nahradne-diely-na-zaluzie\/","title":{"rendered":"Z\u00e1kladn\u00e1 \u010das\u0165 Basic biela \/ p\u00e1r"},"content":{"rendered":"<p>Z\u00e1kladn\u00e1 \u010das\u0165 Basic biela \/ p\u00e1r<\/p>\n","protected":false},"excerpt":{"rendered":"<p>Z\u00e1kladn\u00e1 \u010das\u0165 horizont\u00e1lnej \u017eal\u00fazie typu Basic ur\u010den\u00e1 pre \u017eal\u00fazie od v\u00fdrobcov K-system a WO und WO<\/p>\n","protected":false},"featured_media":6844,"comment_status":"closed","ping_status":"closed","template":"","meta":[],"product_cat":[65,86],"product_tag":[],"_links":{"self":[{"href":"https:\/\/www.brikol.sk\/hu\/wp-json\/wp\/v2\/product\/250"}],"collection":[{"href":"https:\/\/www.brikol.sk\/hu\/wp-json\/wp\/v2\/product"}],"about":[{"href":"https:\/\/www.brikol.sk\/hu\/wp-json\/wp\/v2\/types\/product"}],"replies":[{"embeddable":true,"href":"https:\/\/www.brikol.sk\/hu\/wp-json\/wp\/v2\/comments?post=250"}],"wp:featuredmedia":[{"embeddable":true,"href":"https:\/\/www.brikol.sk\/hu\/wp-json\/wp\/v2\/media\/6844"}],"wp:attachment":[{"href":"https:\/\/www.brikol.sk\/hu\/wp-json\/wp\/v2\/media?parent=250"}],"wp:term":[{"taxonomy":"product_cat","embeddable":true,"href":"https:\/\/www.brikol.sk\/hu\/wp-json\/wp\/v2\/product_cat?post=250"},{"taxonomy":"product_tag","embeddable":true,"href":"https:\/\/www.brikol.sk\/hu\/wp-json\/wp\/v2\/product_tag?post=250"}],"curies":[{"name":"wp","href":"https:\/\/api.w.org\/{rel}","templated":true}]}}