{"id":251,"date":"2018-01-17T17:46:36","date_gmt":"2018-01-17T16:46:36","guid":{"rendered":"http:\/\/www.brikol.sk\/produkt\/brzda-gulickovej-snury-basic-biela-ks\/"},"modified":"2026-04-24T20:57:47","modified_gmt":"2026-04-24T18:57:47","slug":"brzda-drziak-gulickovej-snury-nahradne-diely-na-zaluzie","status":"publish","type":"product","link":"https:\/\/www.brikol.sk\/hu\/produkt\/brzda-drziak-gulickovej-snury-nahradne-diely-na-zaluzie\/","title":{"rendered":"Brzda (dr\u017eiak) guli\u010dkovej \u0161n\u00fary \/ ks"},"content":{"rendered":"<p>Brzda (dr\u017eiak) guli\u010dkovej \u0161n\u00fary ur\u010den\u00e1 pre v\u0161etky typy horizont\u00e1lnych \u017eal\u00fazi\u00ed ovl\u00e1dan\u00fdch retiazkou.<\/p>\n<p>Po nastaven\u00ed polohy \u017eal\u00fazi\u00ed sl\u00fa\u017ei na zaistenie guli\u010dkovej \u0161n\u00fary (retiazky). <a href=\"https:\/\/www.brikol.sk\/produkt\/gulickova-snura-retiazka-na-zaluzie-nahradne-diely-na-zaluzie\/\">Guli\u010dkov\u00e1 \u0161n\u00fara<\/a> sa do brzdy zatla\u010d\u00ed a t\u00fdm dr\u017e\u00ed \u017eal\u00faziu v po\u017eadovanej v\u00fd\u0161ke.<\/p>\n<p>(Vx \u0160) 37 x 12\u00a0 mm<\/p>\n","protected":false},"excerpt":{"rendered":"<p>Brzda (dr\u017eiak) guli\u010dkovej \u0161n\u00fary ur\u010den\u00e1 pre v\u0161etky typy horizont\u00e1lnych \u017eal\u00fazi\u00ed ovl\u00e1dan\u00fdch retiazkou.<\/p>\n","protected":false},"featured_media":23016,"comment_status":"open","ping_status":"closed","template":"","meta":[],"product_cat":[65,87,85,84,86,88,96],"product_tag":[],"_links":{"self":[{"href":"https:\/\/www.brikol.sk\/hu\/wp-json\/wp\/v2\/product\/251"}],"collection":[{"href":"https:\/\/www.brikol.sk\/hu\/wp-json\/wp\/v2\/product"}],"about":[{"href":"https:\/\/www.brikol.sk\/hu\/wp-json\/wp\/v2\/types\/product"}],"replies":[{"embeddable":true,"href":"https:\/\/www.brikol.sk\/hu\/wp-json\/wp\/v2\/comments?post=251"}],"wp:featuredmedia":[{"embeddable":true,"href":"https:\/\/www.brikol.sk\/hu\/wp-json\/wp\/v2\/media\/23016"}],"wp:attachment":[{"href":"https:\/\/www.brikol.sk\/hu\/wp-json\/wp\/v2\/media?parent=251"}],"wp:term":[{"taxonomy":"product_cat","embeddable":true,"href":"https:\/\/www.brikol.sk\/hu\/wp-json\/wp\/v2\/product_cat?post=251"},{"taxonomy":"product_tag","embeddable":true,"href":"https:\/\/www.brikol.sk\/hu\/wp-json\/wp\/v2\/product_tag?post=251"}],"curies":[{"name":"wp","href":"https:\/\/api.w.org\/{rel}","templated":true}]}}