{"id":257,"date":"2018-01-17T17:46:36","date_gmt":"2018-01-17T16:46:36","guid":{"rendered":"http:\/\/www.brikol.sk\/produkt\/spojka-gulickovej-snury-child-safety-biela-ks\/"},"modified":"2026-03-07T11:12:11","modified_gmt":"2026-03-07T10:12:11","slug":"pretrhavacia-spojka-retiazky-child-safety","status":"publish","type":"product","link":"https:\/\/www.brikol.sk\/hu\/produkt\/pretrhavacia-spojka-retiazky-child-safety\/","title":{"rendered":"Spojka guli\u010dkovej \u0161n\u00fary (retiazky) Child safety \/ ks"},"content":{"rendered":"<div class=\"tab tab-1\">\n<div class=\"text\">\n<p><strong>Pretrh\u00e1vacia spojka guli\u010dkovej \u0161n\u00fary (retiazky) Child safety<\/strong><\/p>\n<p>Od 1. septembra 2014 plat\u00ed v celej E\u00da norma STN EN 13120. V\u00fdrobcom tieniacej techniky naria\u010fuje povinnos\u0165 technicky zabezpe\u010di\u0165 ochranu det\u00ed pred u\u0161krten\u00edm na nebezpe\u010dn\u00fdch slu\u010dk\u00e1ch, ktor\u00e9 sa m\u00f4\u017eu tvori\u0165 pri ovl\u00e1dan\u00ed vn\u00fatorn\u00fdch \u017eal\u00fazi\u00ed a roliet pomocou retiazok a \u0161n\u00far. T\u00fato normu je potrebn\u00e9 dodr\u017ea\u0165 v\u0161ade tam, kde maj\u00fa pr\u00edstup deti vo veku od 0 do 42 mesiacov (3,5 roka).<\/p>\n<p>Pretrh\u00e1vacia spojka retiazky CHILD SAFETY sa postar\u00e1 o rozpojenie retiazky v pr\u00edpade, \u017ee hroz\u00ed vytvorenie nebezpe\u010dnej slu\u010dky na retiazke pri p\u00f4soben\u00ed za\u0165a\u017eenia\u00a0\u00a06 kg po dobu 5 sek\u00fand.<\/p>\n<p>Tento n\u00e1hradn\u00fd diel m\u00f4\u017eete pou\u017ei\u0165 u v\u0161etk\u00fdch typov interi\u00e9rov\u00fdch \u017eal\u00fazi\u00ed a roliet s ovl\u00e1dan\u00edm na <a href=\"https:\/\/www.brikol.sk\/produkt\/gulickova-snura-retiazka-na-zaluzie-nahradne-diely-na-zaluzie\/\">gul\u00f4\u010dkov\u00fa retiazku<\/a>. S v\u00fdnimkou pou\u017eitia nekone\u010dnej retiazky.<\/p>\n<p>R\u00f4zne farebn\u00e9 prevedenie<\/p>\n<\/div>\n<\/div>\n","protected":false},"excerpt":{"rendered":"<p>\u0160peci\u00e1lna spojka ur\u010den\u00e1 pre horizont\u00e1lne \u017eal\u00fazie ovl\u00e1dan\u00e9 retiazkou s priemerom 3,2 mm. Spojka je v\u00fdnimo\u010dn\u00e1 svojou stavbou, kedy sa pri v\u00e4\u010d\u0161om za\u0165a\u017een\u00ed rozpoj\u00ed aby si va\u0161e deti nesp\u00f4sobili zranenie. Klasick\u00e1 spojka sa nemus\u00ed rozpoji\u0165 a die\u0165a si m\u00f4\u017ee sp\u00f4sobi\u0165 zranenie v hor\u0161om pr\u00edpade usmrtenie. Spojka zodpoved\u00e1 norme EN<\/p>\n","protected":false},"featured_media":7061,"comment_status":"closed","ping_status":"closed","template":"","meta":[],"product_cat":[65,87,85,84,86,88,96],"product_tag":[],"_links":{"self":[{"href":"https:\/\/www.brikol.sk\/hu\/wp-json\/wp\/v2\/product\/257"}],"collection":[{"href":"https:\/\/www.brikol.sk\/hu\/wp-json\/wp\/v2\/product"}],"about":[{"href":"https:\/\/www.brikol.sk\/hu\/wp-json\/wp\/v2\/types\/product"}],"replies":[{"embeddable":true,"href":"https:\/\/www.brikol.sk\/hu\/wp-json\/wp\/v2\/comments?post=257"}],"wp:featuredmedia":[{"embeddable":true,"href":"https:\/\/www.brikol.sk\/hu\/wp-json\/wp\/v2\/media\/7061"}],"wp:attachment":[{"href":"https:\/\/www.brikol.sk\/hu\/wp-json\/wp\/v2\/media?parent=257"}],"wp:term":[{"taxonomy":"product_cat","embeddable":true,"href":"https:\/\/www.brikol.sk\/hu\/wp-json\/wp\/v2\/product_cat?post=257"},{"taxonomy":"product_tag","embeddable":true,"href":"https:\/\/www.brikol.sk\/hu\/wp-json\/wp\/v2\/product_tag?post=257"}],"curies":[{"name":"wp","href":"https:\/\/api.w.org\/{rel}","templated":true}]}}