{"id":266,"date":"2018-01-17T17:46:36","date_gmt":"2018-01-17T16:46:36","guid":{"rendered":"http:\/\/www.brikol.sk\/produkt\/zakladna-cast-isoline-biela-par\/"},"modified":"2026-04-21T16:19:35","modified_gmt":"2026-04-21T14:19:35","slug":"zakladna-cast-isoline-nahradne-diely-na-zaluzie","status":"publish","type":"product","link":"https:\/\/www.brikol.sk\/hu\/produkt\/zakladna-cast-isoline-nahradne-diely-na-zaluzie\/","title":{"rendered":"Z\u00e1kladn\u00e1 \u010das\u0165 isoline biela \/ p\u00e1r"},"content":{"rendered":"<p><strong>Z\u00e1kladn\u00e1 \u010das\u0165 isoline biela<\/strong><\/p>\n<p>Pre \u017eal\u00fazie od v\u00fdrobcu Lamelland, Kasko, Parapety BB, Miba sk.<\/p>\n<p>Z\u00e1kladn\u00e1 \u010das\u0165 isoline sl\u00fa\u017ei n\u00e1 uchytenie samotnej \u017eal\u00fazie o kr\u00eddlo okna. Je umiestnen\u00e1 v hornom nosn\u00edku \u017eal\u00fazie schovan\u00e1 pod bo\u010dnou krytkou. Rovnako tak sa v \u0148ej nch\u00e1dza <a href=\"https:\/\/www.brikol.sk\/produkt\/vedenie-retiazky-pre-isoline\/\">vedenie retiazky<\/a>, kade prech\u00e1dza guli\u010dkov\u00e1 \u0161\u0148ura na ovl\u00e1danie celej \u017eal\u00fazie a <a href=\"https:\/\/www.brikol.sk\/produkt\/silon-zilka-zaluzie\/\">sil\u00f3n<\/a> \u017eal\u00fazie. Sil\u00f3n sa v z\u00e1kladnej \u010dasti uchyt\u00ed a potm sa tam nap\u00edna jeho d\u013a\u017eka.\u00a0 Z\u00e1rove\u0148 je d\u00f4le\u017eit\u00e1 preto\u017ee je v nej uchyten\u00e9 vedenie retiazky gul\u00f4\u010dkovej \u0161\u0148\u00fary a sil\u00f3n.<\/p>\n<p>V\u00fdmena z\u00e1kladnej \u010dasti Isoline pre \u017eal\u00fazie nieje n\u00e1ro\u010dn\u00e1.<\/p>\n<p><strong>Postup<\/strong><\/p>\n<ol>\n<li>Zlo\u017e\u00edme bo\u010dn\u00e9 krytky \u017eal\u00fazie<\/li>\n<li>Skrutkova\u010dom odkr\u00fatime \u0161ravby, ktor\u00e9 dr\u017eia \u017eal\u00faziu a \u017eal\u00faziu n\u00e1sledne zlo\u017e\u00edme dole z kr\u00eddla okna a polo\u017eime na parapetn\u00fa dosku<\/li>\n<li>Zo starej z\u00e1kladnej \u010dasti vyberieme sil\u00f3n ( ak sa jedn\u00e1 o stranu z ovl\u00e1dan\u00edm \u017eal\u00fazie vyberieme aj vedenie retiazky)<\/li>\n<li>Star\u00fa \u010das\u0165 vyberieme a nahrad\u00edme ju novou<\/li>\n<li>Znova navle\u010dieme sil\u00f3n (pokia\u013e sa jedn\u00e1 o stranu z ovl\u00e1dan\u00edm \u017eal\u00fazie, vedenie retiazky vlo\u017e\u00edme na rovnak\u00e9 miesto)<\/li>\n<li>Nov\u00fa z\u00e1kladn\u00fa \u010das\u0165 zatla\u010d\u00edme do nosn\u00edka a op\u00e4tovne priskrutkujeme na svoje miesto na kr\u00eddle okna<\/li>\n<li>Dotiahneme sil\u00f3n aby neostal uvolnen\u00fd<\/li>\n<li>Nasad\u00edme bo\u010dn\u00e9 krytky<\/li>\n<\/ol>\n<p>Pri v\u00fdmene z\u00e1kladnej \u010das\u0165i odpor\u00fa\u010dame skontrolova\u0165 kvalitu sil\u00f3nu. V pr\u00edpade jeho oslabenia alebo opotrebovania je lep\u0161ie sil\u00f3n vymeni\u0165 a m\u00f4\u017eete tak urobi\u0165 naraz pokia\u013e m\u00e1te \u017eal\u00faziu zlo\u017een\u00fa.<\/p>\n","protected":false},"excerpt":{"rendered":"<p>Z\u00e1kladn\u00e1 \u010das\u0165 horizont\u00e1lnej \u017eal\u00fazie pre \u017eal\u00fazie od v\u00fdrobcu Lamelland, Kasko, Parapety BB, Miba sk<\/p>\n","protected":false},"featured_media":21058,"comment_status":"closed","ping_status":"closed","template":"","meta":[],"product_cat":[65,85],"product_tag":[],"_links":{"self":[{"href":"https:\/\/www.brikol.sk\/hu\/wp-json\/wp\/v2\/product\/266"}],"collection":[{"href":"https:\/\/www.brikol.sk\/hu\/wp-json\/wp\/v2\/product"}],"about":[{"href":"https:\/\/www.brikol.sk\/hu\/wp-json\/wp\/v2\/types\/product"}],"replies":[{"embeddable":true,"href":"https:\/\/www.brikol.sk\/hu\/wp-json\/wp\/v2\/comments?post=266"}],"wp:featuredmedia":[{"embeddable":true,"href":"https:\/\/www.brikol.sk\/hu\/wp-json\/wp\/v2\/media\/21058"}],"wp:attachment":[{"href":"https:\/\/www.brikol.sk\/hu\/wp-json\/wp\/v2\/media?parent=266"}],"wp:term":[{"taxonomy":"product_cat","embeddable":true,"href":"https:\/\/www.brikol.sk\/hu\/wp-json\/wp\/v2\/product_cat?post=266"},{"taxonomy":"product_tag","embeddable":true,"href":"https:\/\/www.brikol.sk\/hu\/wp-json\/wp\/v2\/product_tag?post=266"}],"curies":[{"name":"wp","href":"https:\/\/api.w.org\/{rel}","templated":true}]}}