{"id":278,"date":"2018-01-17T17:46:41","date_gmt":"2018-01-17T16:46:41","guid":{"rendered":"http:\/\/www.brikol.sk\/produkt\/krytky-pantov-maco-biele-sada\/"},"modified":"2026-04-17T15:18:32","modified_gmt":"2026-04-17T13:18:32","slug":"krytky-pantov-maco","status":"publish","type":"product","link":"https:\/\/www.brikol.sk\/hu\/produkt\/krytky-pantov-maco\/","title":{"rendered":"Krytky p\u00e1ntov MACO pre plastov\u00e9 okn\u00e1 \/ sada"},"content":{"rendered":"<p><strong>Krytky p\u00e1ntov Maco<\/strong><\/p>\n<p>Sada krytiek p\u00e1ntov ur\u010den\u00e1 pre kovanie MACO na plastov\u00fdch okn\u00e1ch. Krytky p\u00e1ntov MACO &#8211;\u00a0 vyroben\u00e9 z plastu s dlhou dobou \u017eivostnosti.<\/p>\n<p>Mnt\u00e1\u017e krytiek p\u00e1ntov je jednoduch\u00e1, len ich nasuniete na z\u00e1vesy.<\/p>\n<p>Rozmer :<\/p>\n<ul>\n<li>vrchn\u00e1 krytka r\u00e1mov\u00e9ho lo\u017eiska &#8211; 80 mm, rozte\u010d 51 mm<\/li>\n<li>vrchn\u00e1 krytka kr\u00eddlov\u00e9ho uholn\u00edku &#8211; 52 mm<\/li>\n<li>spodn\u00e1 krytka r\u00e1mov\u00e9ho dielu &#8211; 72 mm<\/li>\n<li>krytka r\u00e1mov\u00e9ho dielu mal\u00e1 &#8211; 16 mm<\/li>\n<li>spodn\u00e1 krytka kr\u00eddlov\u00e9ho dielu &#8211; 94 mmm<\/li>\n<\/ul>\n","protected":false},"excerpt":{"rendered":"<p>Sada krytiek p\u00e1ntov je ur\u010den\u00e1 pre kovanie MACO na plastov\u00fdch okn\u00e1ch. Krytky p\u00e1ntov MACO s\u00fa vyroben\u00e9 z plastu s dlhou dobou \u017eivostnosti. S\u00fa ur\u010den\u00e9 pre plastov\u00e9 okn\u00e1, mont\u00e1\u017e krytiek p\u00e1ntov je jednoduch\u00e1, len ich nasuniete na z\u00e1vesy.<\/p>\n","protected":false},"featured_media":7790,"comment_status":"closed","ping_status":"closed","template":"","meta":[],"product_cat":[68,211,92,212],"product_tag":[],"_links":{"self":[{"href":"https:\/\/www.brikol.sk\/hu\/wp-json\/wp\/v2\/product\/278"}],"collection":[{"href":"https:\/\/www.brikol.sk\/hu\/wp-json\/wp\/v2\/product"}],"about":[{"href":"https:\/\/www.brikol.sk\/hu\/wp-json\/wp\/v2\/types\/product"}],"replies":[{"embeddable":true,"href":"https:\/\/www.brikol.sk\/hu\/wp-json\/wp\/v2\/comments?post=278"}],"wp:featuredmedia":[{"embeddable":true,"href":"https:\/\/www.brikol.sk\/hu\/wp-json\/wp\/v2\/media\/7790"}],"wp:attachment":[{"href":"https:\/\/www.brikol.sk\/hu\/wp-json\/wp\/v2\/media?parent=278"}],"wp:term":[{"taxonomy":"product_cat","embeddable":true,"href":"https:\/\/www.brikol.sk\/hu\/wp-json\/wp\/v2\/product_cat?post=278"},{"taxonomy":"product_tag","embeddable":true,"href":"https:\/\/www.brikol.sk\/hu\/wp-json\/wp\/v2\/product_tag?post=278"}],"curies":[{"name":"wp","href":"https:\/\/api.w.org\/{rel}","templated":true}]}}