{"id":2808,"date":"2020-11-19T10:59:30","date_gmt":"2020-11-19T09:59:30","guid":{"rendered":"https:\/\/www.brikol.sk\/?post_type=product&#038;p=2808"},"modified":"2026-03-10T16:47:39","modified_gmt":"2026-03-10T15:47:39","slug":"krytky-pantov-winkhaus-auto-pilot-biele-pre-plastove-okna","status":"publish","type":"product","link":"https:\/\/www.brikol.sk\/hu\/produkt\/krytky-pantov-winkhaus-auto-pilot-biele-pre-plastove-okna\/","title":{"rendered":"Krytky p\u00e1ntov Winkhaus AUTO PILOT  pre plastov\u00e9 okn\u00e1 \/ sada"},"content":{"rendered":"<p>Sada krytiek na plastov\u00e9 okn\u00e1 s kovan\u00edm Winkhaus auto pilot.<\/p>\n<p>Farba : biela, tmavohned\u00e1, strieborn\u00e1, bronz<\/p>\n<p>Vrchn\u00e1 krytka r\u00e1mov\u00e9ho lo\u017eiska &#8211; 90 mm, rozte\u010d 55 mm<br \/>\nVrchn\u00e1 krytka kr\u00eddlov\u00e9ho uholn\u00edku &#8211; 55 mm<br \/>\nSpodn\u00e1 krytka r\u00e1mov\u00e9ho dielu mal\u00e1 &#8211; 15 mm<br \/>\nSpodn\u00e1 krytka kr\u00eddlov\u00e9ho dielu -93 mm<\/p>\n","protected":false},"excerpt":{"rendered":"<p>Sada\u00a0 krytiek na plastov\u00e9 okn\u00e1 s kovan\u00edm Winkhaus active pilot<\/p>\n","protected":false},"featured_media":7825,"comment_status":"open","ping_status":"closed","template":"","meta":[],"product_cat":[68,211,101,212],"product_tag":[],"_links":{"self":[{"href":"https:\/\/www.brikol.sk\/hu\/wp-json\/wp\/v2\/product\/2808"}],"collection":[{"href":"https:\/\/www.brikol.sk\/hu\/wp-json\/wp\/v2\/product"}],"about":[{"href":"https:\/\/www.brikol.sk\/hu\/wp-json\/wp\/v2\/types\/product"}],"replies":[{"embeddable":true,"href":"https:\/\/www.brikol.sk\/hu\/wp-json\/wp\/v2\/comments?post=2808"}],"wp:featuredmedia":[{"embeddable":true,"href":"https:\/\/www.brikol.sk\/hu\/wp-json\/wp\/v2\/media\/7825"}],"wp:attachment":[{"href":"https:\/\/www.brikol.sk\/hu\/wp-json\/wp\/v2\/media?parent=2808"}],"wp:term":[{"taxonomy":"product_cat","embeddable":true,"href":"https:\/\/www.brikol.sk\/hu\/wp-json\/wp\/v2\/product_cat?post=2808"},{"taxonomy":"product_tag","embeddable":true,"href":"https:\/\/www.brikol.sk\/hu\/wp-json\/wp\/v2\/product_tag?post=2808"}],"curies":[{"name":"wp","href":"https:\/\/api.w.org\/{rel}","templated":true}]}}