{"id":281,"date":"2018-01-17T17:46:41","date_gmt":"2018-01-17T16:46:41","guid":{"rendered":"http:\/\/www.brikol.sk\/produkt\/montazna-klucka-maco-ks\/"},"modified":"2026-01-08T11:36:19","modified_gmt":"2026-01-08T10:36:19","slug":"montazna-klucka-maco","status":"publish","type":"product","link":"https:\/\/www.brikol.sk\/hu\/produkt\/montazna-klucka-maco\/","title":{"rendered":"Mont\u00e1\u017ena k\u013eu\u010dka MACO s nastavovac\u00edmi k\u013e\u00fa\u010dmi\/ ks"},"content":{"rendered":"<p><strong>Mont\u00e1\u017ena k\u013eu\u010dka MACO<\/strong> sa pou\u017e\u00edva predov\u0161etk\u00fdm pri mont\u00e1\u017ei okien, kde nie s\u00fa osaden\u00e9 na kr\u00eddlach k\u013eu\u010dky. Je to r\u00fdchly pomocn\u00edk preto\u017ee k\u013eu\u010dkou uvo\u013en\u00edte a vytiahnete vrchn\u00fd zais\u0165ovac\u00ed kol\u00edk zo z\u00e1vesu.<\/p>\n<p>Mont\u00e1\u017ena k\u013eu\u010dka sa pou\u017e\u00edva aj na stavb\u00e1ch kde prebiehaj\u00fa \u010fal\u0161ie stavebn\u00e9 pr\u00e1ce aby sa k\u013eu\u010dky okna nepo\u0161kodili alebo neu\u0161pinili. K\u013eu\u010dku je mo\u017en\u00e9 pou\u017ei\u0165<strong> aj na in\u00e9 kovania<\/strong> ako je MACO. S\u00fa\u010das\u0165ou mont\u00e1\u017enej k\u013eu\u010dky s\u00fa aj nastavovacie k\u013e\u00fa\u010de a to imbusov\u00fd k\u013e\u00fa\u010d 4 mm, torxov\u00fd k\u013e\u00fa\u010d T15 a k\u013e\u00fa\u010d na nastavenie val\u010dekov\u00fdch pr\u00edtlakov.<\/p>\n","protected":false},"excerpt":{"rendered":"<p>Mont\u00e1\u017ena k\u013eu\u010dka MACO sa pou\u017e\u00edva predov\u0161etk\u00fdm pri mont\u00e1\u017ei okien, kde nie s\u00fa osaden\u00e9 na kr\u00eddlach k\u013eu\u010dky. Je to r\u00fdchly pomocn\u00edk preto\u017ee k\u013eu\u010dkou uvo\u013en\u00edte a vytiahnete vrchn\u00fd zais\u0165ovac\u00ed kol\u00edk zo z\u00e1vesu. Mont\u00e1\u017ena k\u013eu\u010dka sa pou\u017e\u00edva aj na stavb\u00e1ch kde prebiehaj\u00fa \u010fal\u0161ie stavebn\u00e9 pr\u00e1ce aby sa k\u013eu\u010dky okna nepo\u0161kodili alebo neu\u0161pinili. K\u013eu\u010dku je mo\u017en\u00e9 pou\u017ei\u0165 aj na in\u00e9 kovania ako je MACO. S\u00fa\u010das\u0165ou mont\u00e1\u017enej k\u013eu\u010dky s\u00fa aj nastavovacie k\u013e\u00fa\u010de a to imbusov\u00fd k\u013e\u00fa\u010d 4 mm, torxov\u00fd k\u013e\u00fa\u010d T15 a k\u013e\u00fa\u010d na nastavenie val\u010dekov\u00fdch pr\u00edtlakov.<\/p>\n","protected":false},"featured_media":7238,"comment_status":"closed","ping_status":"closed","template":"","meta":[],"product_cat":[68,216],"product_tag":[],"_links":{"self":[{"href":"https:\/\/www.brikol.sk\/hu\/wp-json\/wp\/v2\/product\/281"}],"collection":[{"href":"https:\/\/www.brikol.sk\/hu\/wp-json\/wp\/v2\/product"}],"about":[{"href":"https:\/\/www.brikol.sk\/hu\/wp-json\/wp\/v2\/types\/product"}],"replies":[{"embeddable":true,"href":"https:\/\/www.brikol.sk\/hu\/wp-json\/wp\/v2\/comments?post=281"}],"wp:featuredmedia":[{"embeddable":true,"href":"https:\/\/www.brikol.sk\/hu\/wp-json\/wp\/v2\/media\/7238"}],"wp:attachment":[{"href":"https:\/\/www.brikol.sk\/hu\/wp-json\/wp\/v2\/media?parent=281"}],"wp:term":[{"taxonomy":"product_cat","embeddable":true,"href":"https:\/\/www.brikol.sk\/hu\/wp-json\/wp\/v2\/product_cat?post=281"},{"taxonomy":"product_tag","embeddable":true,"href":"https:\/\/www.brikol.sk\/hu\/wp-json\/wp\/v2\/product_tag?post=281"}],"curies":[{"name":"wp","href":"https:\/\/api.w.org\/{rel}","templated":true}]}}