{"id":2835,"date":"2020-11-24T13:50:06","date_gmt":"2020-11-24T12:50:06","guid":{"rendered":"https:\/\/www.brikol.sk\/?post_type=product&#038;p=2835"},"modified":"2026-03-03T13:38:16","modified_gmt":"2026-03-03T12:38:16","slug":"vonkajsi-kovovy-pritlak","status":"publish","type":"product","link":"https:\/\/www.brikol.sk\/hu\/produkt\/vonkajsi-kovovy-pritlak\/","title":{"rendered":"Vonkaj\u0161\u00ed kovov\u00fd pr\u00edtlak \/ ks"},"content":{"rendered":"<p>Vonkaj\u0161\u00ed kovov\u00fd pr\u00edtlak ur\u010den\u00fd pre v\u0161etky typy plastov\u00fdch profilov. Nie je profilovo z\u00e1visl\u00fd a t\u00fdm p\u00e1dom je univerz\u00e1lny.<\/p>\n<p>Pr\u00edtlak namontujete nasledovne:<br \/>\n1. zves\u00edte kr\u00eddlo z p\u00e1ntov a prevr\u00e1tite si ho tak aby ste mali p\u00e1ntov\u00fa stranu hore<br \/>\n2. Na okraj kr\u00eddla tak aby to nepresahovalo tesnenie, zamontujete pr\u00edtlak, odpor\u00fa\u010dame predv\u0155ta\u0165 dierky 2,5 mm vrt\u00e1kom<br \/>\n3. Pr\u00edtlak prikr\u00fatite dvomi skrutkami a n\u00e1sledne kr\u00eddlo zaves\u00edte sp\u00e4\u0165, pozor aby ste si pri ve\u0161an\u00ed kr\u00eddla nezlomili namontovan\u00fd pr\u00edtlak<br \/>\n4. Okno zavriete a teraz si predv\u0155tate dierky na r\u00e1m okna a pr\u00edtlak priskrutkujete<br \/>\n5. Okno norm\u00e1lne otvor\u00edte, \u010d\u00edm zlom\u00edte tie drobn\u00e9 \u010dasti ktor\u00e9 pr\u00edtlak dr\u017eia pokope a okno norm\u00e1lne funguje a pr\u00edtlak pln\u00ed svoju funkciu.<\/p>\n","protected":false},"excerpt":{"rendered":"<p>Vonkaj\u0161\u00ed kovov\u00fd pr\u00edtlak ur\u010den\u00fd pre v\u0161etky typy plastov\u00fdch profilov. Nie je profilovo z\u00e1visl\u00fd a t\u00fdm p\u00e1dom je univerz\u00e1lny.<\/p>\n<p><!--more--><\/p>\n","protected":false},"featured_media":7848,"comment_status":"open","ping_status":"closed","template":"","meta":[],"product_cat":[68,211,90,91,92,93],"product_tag":[],"_links":{"self":[{"href":"https:\/\/www.brikol.sk\/hu\/wp-json\/wp\/v2\/product\/2835"}],"collection":[{"href":"https:\/\/www.brikol.sk\/hu\/wp-json\/wp\/v2\/product"}],"about":[{"href":"https:\/\/www.brikol.sk\/hu\/wp-json\/wp\/v2\/types\/product"}],"replies":[{"embeddable":true,"href":"https:\/\/www.brikol.sk\/hu\/wp-json\/wp\/v2\/comments?post=2835"}],"wp:featuredmedia":[{"embeddable":true,"href":"https:\/\/www.brikol.sk\/hu\/wp-json\/wp\/v2\/media\/7848"}],"wp:attachment":[{"href":"https:\/\/www.brikol.sk\/hu\/wp-json\/wp\/v2\/media?parent=2835"}],"wp:term":[{"taxonomy":"product_cat","embeddable":true,"href":"https:\/\/www.brikol.sk\/hu\/wp-json\/wp\/v2\/product_cat?post=2835"},{"taxonomy":"product_tag","embeddable":true,"href":"https:\/\/www.brikol.sk\/hu\/wp-json\/wp\/v2\/product_tag?post=2835"}],"curies":[{"name":"wp","href":"https:\/\/api.w.org\/{rel}","templated":true}]}}