{"id":285,"date":"2018-01-17T17:46:41","date_gmt":"2018-01-17T16:46:41","guid":{"rendered":"http:\/\/www.brikol.sk\/produkt\/balkonove-madielko-bi-hneda-stri-titan-ks\/"},"modified":"2026-04-08T22:20:58","modified_gmt":"2026-04-08T20:20:58","slug":"balkonove-madielko-uchytka-doplnky-na-okna","status":"publish","type":"product","link":"https:\/\/www.brikol.sk\/hu\/produkt\/balkonove-madielko-uchytka-doplnky-na-okna\/","title":{"rendered":"Kovov\u00e9 balk\u00f3nov\u00e9 madielko r\u00f4zne farby(\u00fachytka) \/ ks"},"content":{"rendered":"<p><strong>Balk\u00f3nov\u00e9 madielko (\u00fachytka)<\/strong> pre plastov\u00e9, hlin\u00edkov\u00e9 a dreven\u00e9 okn\u00e1.<\/p>\n<p>Balk\u00f3nov\u00e9 madielko ur\u010den\u00e9 na mont\u00e1\u017e z exteri\u00e9ru, aby ste balk\u00f3n za sebou mohli privrie\u0165. Madielko vyroben\u00e9 z kovu a upraven\u00e9 pr\u00e1\u0161kovanou vypa\u013eovanou ral farbou.<\/p>\n<p>Jednoduch\u00e9 pripevnenie pomocou skrutiek (s\u00fa\u010das\u0165 balenia).<\/p>\n","protected":false},"excerpt":{"rendered":"<p>Balk\u00f3nov\u00e9 madielko (\u00fachytka) pre plastov\u00e9, hlin\u00edkov\u00e9 a dreven\u00e9 okn\u00e1. Balk\u00f3nov\u00e9 madielko je ur\u010den\u00e9 na mont\u00e1\u017e z exteri\u00e9ru aby ste balk\u00f3n za sebou mohli privrie\u0165<\/p>\n","protected":false},"featured_media":8018,"comment_status":"closed","ping_status":"closed","template":"","meta":[],"product_cat":[212,82,215],"product_tag":[],"_links":{"self":[{"href":"https:\/\/www.brikol.sk\/hu\/wp-json\/wp\/v2\/product\/285"}],"collection":[{"href":"https:\/\/www.brikol.sk\/hu\/wp-json\/wp\/v2\/product"}],"about":[{"href":"https:\/\/www.brikol.sk\/hu\/wp-json\/wp\/v2\/types\/product"}],"replies":[{"embeddable":true,"href":"https:\/\/www.brikol.sk\/hu\/wp-json\/wp\/v2\/comments?post=285"}],"wp:featuredmedia":[{"embeddable":true,"href":"https:\/\/www.brikol.sk\/hu\/wp-json\/wp\/v2\/media\/8018"}],"wp:attachment":[{"href":"https:\/\/www.brikol.sk\/hu\/wp-json\/wp\/v2\/media?parent=285"}],"wp:term":[{"taxonomy":"product_cat","embeddable":true,"href":"https:\/\/www.brikol.sk\/hu\/wp-json\/wp\/v2\/product_cat?post=285"},{"taxonomy":"product_tag","embeddable":true,"href":"https:\/\/www.brikol.sk\/hu\/wp-json\/wp\/v2\/product_tag?post=285"}],"curies":[{"name":"wp","href":"https:\/\/api.w.org\/{rel}","templated":true}]}}