{"id":3240,"date":"2021-02-22T12:40:13","date_gmt":"2021-02-22T11:40:13","guid":{"rendered":"https:\/\/www.brikol.sk\/?post_type=product&#038;p=3240"},"modified":"2026-04-17T02:28:17","modified_gmt":"2026-04-17T00:28:17","slug":"nastavovaci-kluc-siegenia-imbus-4-mm-sw11-ks","status":"publish","type":"product","link":"https:\/\/www.brikol.sk\/hu\/produkt\/nastavovaci-kluc-siegenia-imbus-4-mm-sw11-ks\/","title":{"rendered":"Nastavovac\u00ed k\u013e\u00fa\u010d SIEGENIA imbus 4 mm \/sw 11 \/ ks"},"content":{"rendered":"<p>Nastavovac\u00ed k\u013e\u00fa\u010d Siegenia z dlh\u0161ej strany SW 11 z krat\u0161ej zahnutej strany imbus 4 mm. Nastavovac\u00ed k\u013e\u00fa\u010d sl\u00fa\u017ei na nastavenie (\u0161telovanie) kovania Siegenia Favorit. Pou\u017e\u00edva sa predov\u0161etk\u00fdm na nastavenie v\u00fd\u0161ky okna a sklopenia okna na vrchnej no\u017enici.<br \/>\nD\u013a\u017eka &#8211; 140 mm, \u0161\u00edrka &#8211; 30 mm<\/p>\n","protected":false},"excerpt":{"rendered":"<p>Nastavovac\u00ed k\u013e\u00fa\u010d Siegenia z dlh\u0161ej strany SW 11 z krat\u0161ej zahnutej strany imbus 4 mm. Nastavovac\u00ed k\u013e\u00fa\u010d sl\u00fa\u017ei na nastavenie (\u0161telovanie) kovania Siegenia Favorit. Pou\u017e\u00edva sa predov\u0161etk\u00fdm na nastavenie v\u00fd\u0161ky okna a sklopenia okna na vrchnej no\u017enici.<br \/>\nD\u013a\u017eka &#8211; 140 mm, \u0161\u00edrka &#8211; 30 mm<\/p>\n","protected":false},"featured_media":7246,"comment_status":"open","ping_status":"closed","template":"","meta":[],"product_cat":[68,216],"product_tag":[],"_links":{"self":[{"href":"https:\/\/www.brikol.sk\/hu\/wp-json\/wp\/v2\/product\/3240"}],"collection":[{"href":"https:\/\/www.brikol.sk\/hu\/wp-json\/wp\/v2\/product"}],"about":[{"href":"https:\/\/www.brikol.sk\/hu\/wp-json\/wp\/v2\/types\/product"}],"replies":[{"embeddable":true,"href":"https:\/\/www.brikol.sk\/hu\/wp-json\/wp\/v2\/comments?post=3240"}],"wp:featuredmedia":[{"embeddable":true,"href":"https:\/\/www.brikol.sk\/hu\/wp-json\/wp\/v2\/media\/7246"}],"wp:attachment":[{"href":"https:\/\/www.brikol.sk\/hu\/wp-json\/wp\/v2\/media?parent=3240"}],"wp:term":[{"taxonomy":"product_cat","embeddable":true,"href":"https:\/\/www.brikol.sk\/hu\/wp-json\/wp\/v2\/product_cat?post=3240"},{"taxonomy":"product_tag","embeddable":true,"href":"https:\/\/www.brikol.sk\/hu\/wp-json\/wp\/v2\/product_tag?post=3240"}],"curies":[{"name":"wp","href":"https:\/\/api.w.org\/{rel}","templated":true}]}}