{"id":3632,"date":"2021-04-07T09:29:15","date_gmt":"2021-04-07T07:29:15","guid":{"rendered":"https:\/\/www.brikol.sk\/?post_type=product&#038;p=3632"},"modified":"2026-04-21T16:19:42","modified_gmt":"2026-04-21T14:19:42","slug":"nit-rebricku-zaluzie","status":"publish","type":"product","link":"https:\/\/www.brikol.sk\/hu\/produkt\/nit-rebricku-zaluzie\/","title":{"rendered":"Nit rebr\u00ed\u010dku \u017eal\u00fazie \/ ks"},"content":{"rendered":"<p>Nit rebr\u00ed\u010dku \u017eal\u00fazie pre spojenie pri vrchnom nosn\u00edku<\/p>\n","protected":false},"excerpt":{"rendered":"<p>Nit rebr\u00ed\u010dku \u017eal\u00fazie pre spojenie pri vrchnom nosn\u00edku<\/p>\n","protected":false},"featured_media":3633,"comment_status":"open","ping_status":"closed","template":"","meta":[],"product_cat":[65,87,85,84,86,88],"product_tag":[],"_links":{"self":[{"href":"https:\/\/www.brikol.sk\/hu\/wp-json\/wp\/v2\/product\/3632"}],"collection":[{"href":"https:\/\/www.brikol.sk\/hu\/wp-json\/wp\/v2\/product"}],"about":[{"href":"https:\/\/www.brikol.sk\/hu\/wp-json\/wp\/v2\/types\/product"}],"replies":[{"embeddable":true,"href":"https:\/\/www.brikol.sk\/hu\/wp-json\/wp\/v2\/comments?post=3632"}],"wp:featuredmedia":[{"embeddable":true,"href":"https:\/\/www.brikol.sk\/hu\/wp-json\/wp\/v2\/media\/3633"}],"wp:attachment":[{"href":"https:\/\/www.brikol.sk\/hu\/wp-json\/wp\/v2\/media?parent=3632"}],"wp:term":[{"taxonomy":"product_cat","embeddable":true,"href":"https:\/\/www.brikol.sk\/hu\/wp-json\/wp\/v2\/product_cat?post=3632"},{"taxonomy":"product_tag","embeddable":true,"href":"https:\/\/www.brikol.sk\/hu\/wp-json\/wp\/v2\/product_tag?post=3632"}],"curies":[{"name":"wp","href":"https:\/\/api.w.org\/{rel}","templated":true}]}}