{"id":4395,"date":"2021-10-01T14:08:45","date_gmt":"2021-10-01T12:08:45","guid":{"rendered":"https:\/\/www.brikol.sk\/?post_type=product&#038;p=4395"},"modified":"2025-08-18T17:31:48","modified_gmt":"2025-08-18T15:31:48","slug":"snekovy-preklapaci-mechanizmus","status":"publish","type":"product","link":"https:\/\/www.brikol.sk\/hu\/produkt\/snekovy-preklapaci-mechanizmus\/","title":{"rendered":"\u0160nekov\u00fd prekl\u00e1pac\u00ed mechanizmus \/ ks"},"content":{"rendered":"<p>\u0160nekov\u00fd prekl\u00e1pac\u00ed mechanizmus pre interi\u00e9rov\u00fa \u017eal\u00faziu ovl\u00e1dan\u00fa pali\u010dkou a \u0161n\u00farkou. \u0160nekov\u00fd mechanizmus sa mmontuje do vrchn\u00e9ho profilu \u017eal\u00fazie.<\/p>\n<p>Rozmer: \u0161\u00edrka 13 mm, v\u00fd\u0161ka 30 mm<\/p>\n","protected":false},"excerpt":{"rendered":"<p>\u0160nekov\u00fd prekl\u00e1pac\u00ed mechanizmus pre interi\u00e9rov\u00fa \u017eal\u00faziu ovl\u00e1dan\u00fa pali\u010dkou a \u0161n\u00farkou. \u0160nekov\u00fd mechanizmus sa mmontuje do vrchn\u00e9ho profilu \u017eal\u00fazie.<\/p>\n<p>Rozmer: \u0161\u00edrka 13 mm, v\u00fd\u0161ka 30 mm<\/p>\n","protected":false},"featured_media":8123,"comment_status":"open","ping_status":"closed","template":"","meta":[],"product_cat":[65,88],"product_tag":[],"_links":{"self":[{"href":"https:\/\/www.brikol.sk\/hu\/wp-json\/wp\/v2\/product\/4395"}],"collection":[{"href":"https:\/\/www.brikol.sk\/hu\/wp-json\/wp\/v2\/product"}],"about":[{"href":"https:\/\/www.brikol.sk\/hu\/wp-json\/wp\/v2\/types\/product"}],"replies":[{"embeddable":true,"href":"https:\/\/www.brikol.sk\/hu\/wp-json\/wp\/v2\/comments?post=4395"}],"wp:featuredmedia":[{"embeddable":true,"href":"https:\/\/www.brikol.sk\/hu\/wp-json\/wp\/v2\/media\/8123"}],"wp:attachment":[{"href":"https:\/\/www.brikol.sk\/hu\/wp-json\/wp\/v2\/media?parent=4395"}],"wp:term":[{"taxonomy":"product_cat","embeddable":true,"href":"https:\/\/www.brikol.sk\/hu\/wp-json\/wp\/v2\/product_cat?post=4395"},{"taxonomy":"product_tag","embeddable":true,"href":"https:\/\/www.brikol.sk\/hu\/wp-json\/wp\/v2\/product_tag?post=4395"}],"curies":[{"name":"wp","href":"https:\/\/api.w.org\/{rel}","templated":true}]}}