{"id":5667,"date":"2022-07-01T08:08:23","date_gmt":"2022-07-01T06:08:23","guid":{"rendered":"https:\/\/www.brikol.sk\/?post_type=product&#038;p=5667"},"modified":"2024-07-19T09:47:38","modified_gmt":"2024-07-19T07:47:38","slug":"montazna-klucka-roto-ks","status":"publish","type":"product","link":"https:\/\/www.brikol.sk\/hu\/produkt\/montazna-klucka-roto-ks\/","title":{"rendered":"Mont\u00e1\u017ena k\u013eu\u010dka ROTO \/ ks"},"content":{"rendered":"<p><strong>Mont\u00e1\u017ena k\u013eu\u010dka ROTO<\/strong><\/p>\n<p>pou\u017e\u00edvan\u00e1 predov\u0161etk\u00fdm pri mont\u00e1\u017ei okien, kde na kr\u00eddlach nie su osaden\u00e9 k\u013eu\u010dky. R\u00fdchly pomocn\u00edk preto\u017ee k\u013eu\u010dkou uvo\u013en\u00edte a vytiahnete vrchn\u00fd zais\u0165ovac\u00ed kol\u00edk zo z\u00e1vesu. Mont\u00e1\u017ena k\u013eu\u010dka sa pou\u017e\u00edva aj na stavb\u00e1ch kde prebiehaj\u00fa \u010fal\u0161ie stavebn\u00e9 pr\u00e1ce aby sa k\u013eu\u010dky okna nepo\u0161kodili alebo neu\u0161pinili.<\/p>\n<p>K\u013eu\u010dka &#8211; ur\u010den\u00e1 na kovanie ROTO. M\u00f4\u017eete ju pou\u017ei\u0165 aj na in\u00e9 kovanie.<\/p>\n","protected":false},"excerpt":{"rendered":"<p>Mont\u00e1\u017ena k\u013eu\u010dka ROTO sa pou\u017e\u00edva predov\u0161etk\u00fdm pri mont\u00e1\u017ei okien, kde nie s\u00fa osaden\u00e9 na kr\u00eddlach k\u013eu\u010dky. Je to r\u00fdchly pomocn\u00edk preto\u017ee k\u013eu\u010dkou uvo\u013en\u00edte a vytiahnete vrchn\u00fd zais\u0165ovac\u00ed kol\u00edk zo z\u00e1vesu. Mont\u00e1\u017ena k\u013eu\u010dka sa pou\u017e\u00edva aj na stavb\u00e1ch kde prebiehaj\u00fa \u010fal\u0161ie stavebn\u00e9 pr\u00e1ce aby sa k\u013eu\u010dky okna nepo\u0161kodili alebo neu\u0161pinili. K\u013eu\u010dku je mo\u017en\u00e9 pou\u017ei\u0165 aj na in\u00e9 kovania ako je Siegenia.<\/p>\n<p>K\u013eu\u010dka je ur\u010den\u00e1 na kovanie ROTO<\/p>\n","protected":false},"featured_media":7241,"comment_status":"open","ping_status":"closed","template":"","meta":[],"product_cat":[68,82],"product_tag":[],"_links":{"self":[{"href":"https:\/\/www.brikol.sk\/hu\/wp-json\/wp\/v2\/product\/5667"}],"collection":[{"href":"https:\/\/www.brikol.sk\/hu\/wp-json\/wp\/v2\/product"}],"about":[{"href":"https:\/\/www.brikol.sk\/hu\/wp-json\/wp\/v2\/types\/product"}],"replies":[{"embeddable":true,"href":"https:\/\/www.brikol.sk\/hu\/wp-json\/wp\/v2\/comments?post=5667"}],"wp:featuredmedia":[{"embeddable":true,"href":"https:\/\/www.brikol.sk\/hu\/wp-json\/wp\/v2\/media\/7241"}],"wp:attachment":[{"href":"https:\/\/www.brikol.sk\/hu\/wp-json\/wp\/v2\/media?parent=5667"}],"wp:term":[{"taxonomy":"product_cat","embeddable":true,"href":"https:\/\/www.brikol.sk\/hu\/wp-json\/wp\/v2\/product_cat?post=5667"},{"taxonomy":"product_tag","embeddable":true,"href":"https:\/\/www.brikol.sk\/hu\/wp-json\/wp\/v2\/product_tag?post=5667"}],"curies":[{"name":"wp","href":"https:\/\/api.w.org\/{rel}","templated":true}]}}