{"id":7099,"date":"2023-02-08T09:46:45","date_gmt":"2023-02-08T08:46:45","guid":{"rendered":"https:\/\/www.brikol.sk\/?post_type=product&#038;p=7099"},"modified":"2026-04-11T14:57:46","modified_gmt":"2026-04-11T12:57:46","slug":"nekonecna-retiazka-na-zaluzie","status":"publish","type":"product","link":"https:\/\/www.brikol.sk\/hu\/produkt\/nekonecna-retiazka-na-zaluzie\/","title":{"rendered":"Nekone\u010dn\u00e1 \u0161n\u00fara (retiazka) 3,2 mm \/ ks"},"content":{"rendered":"<h1 data-sourcepos=\"16:1-16:81\"><strong><span style=\"font-size: 80%;\">Nekone\u010dn\u00e1 retiazka pre interi\u00e9rov\u00e9 \u017eal\u00fazie s gu\u013e\u00f4\u010dkami 3,2 mm<\/span><\/strong><\/h1>\n<p data-sourcepos=\"18:1-18:19\"><strong>Popis produktu: nekone\u010dn\u00e1 retiazka na \u017eal\u00fazie<br \/>\n<\/strong><\/p>\n<div class=\"avatar_spinner_animation ng-tns-c3333797117-49 ng-star-inserted\">\n<div class=\"avatar_spinner_animation ng-tns-c3333797117-49 ng-star-inserted\">H\u013ead\u00e1te kvalitn\u00fa a spo\u013eahliv\u00fa retiazku pre va\u0161e interi\u00e9rov\u00e9 \u017eal\u00fazie? Pon\u00fakame v\u00e1m nekone\u010dn\u00fa retiazku na \u017eal\u00fazie s gu\u013e\u00f4\u010dkami s priemerom 3,2 mm. V\u00fdrobca pou\u017eil odoln\u00fd materi\u00e1l a navrhol t\u00fato retiazku tak, aby ste mohli plynule a bezprobl\u00e9movo ovl\u00e1da\u0165 va\u0161e \u017eal\u00fazie.<\/div>\n<\/div>\n<p data-sourcepos=\"22:1-22:44\"><strong>Pre\u010do si vybra\u0165 na\u0161u nekone\u010dn\u00fa retiazku?<\/strong><\/p>\n<ul data-sourcepos=\"24:1-28:0\">\n<li data-sourcepos=\"24:1-24:122\"><strong>Vysok\u00e1 kvalita:<\/strong> Na\u0161a retiazka je vyroben\u00e1 z kvalitn\u00fdch materi\u00e1lov, ktor\u00e9 zaru\u010duj\u00fa jej dlh\u00fa \u017eivotnos\u0165 a spo\u013eahlivos\u0165.<\/li>\n<li data-sourcepos=\"25:1-25:134\"><strong>Jednoduch\u00e1 in\u0161tal\u00e1cia:<\/strong> Retiazka je nekone\u010dn\u00e1, \u010do znamen\u00e1, \u017ee ju jednoducho nasad\u00edte na mechanizmus \u017eal\u00fazie bez potreby sp\u00e1jania.<\/li>\n<li data-sourcepos=\"27:1-28:0\"><strong>R\u00f4zne d\u013a\u017eky:<\/strong> Pon\u00fakame retiazky v r\u00f4znych d\u013a\u017ekach, aby ste si mohli vybra\u0165 t\u00fa, ktor\u00e1 najlep\u0161ie vyhovuje va\u0161im potreb\u00e1m.<\/li>\n<li data-sourcepos=\"27:1-28:0\"><strong>R\u00f4zne farby:<\/strong> Vyberte si retiazku, ktor\u00e1 najlep\u0161ie lad\u00ed s va\u0161im interi\u00e9rom.\u00a0 Navy\u0161e, na\u0161a nekone\u010dn\u00e1 retiazka je dostupn\u00e1 v r\u00f4znych farb\u00e1ch, tak\u017ee si m\u00f4\u017eete vybra\u0165 t\u00fa, ktor\u00e1 najlep\u0161ie lad\u00ed s va\u0161im interi\u00e9rom. V ponuke n\u00e1jdete klasick\u00fa bielu farbu, ktor\u00e1 sa hod\u00ed do ka\u017ed\u00e9ho prostredia. Okrem toho, pre t\u00fdch, ktor\u00ed preferuj\u00fa teplej\u0161ie odtiene, pon\u00fakame svetlohned\u00fa a tmavohned\u00fa farbu. A napokon, pre modern\u00fd a elegantn\u00fd vzh\u013ead, m\u00e1me v ponuke aj antracitov\u00fa farbu. Tak\u017ee, s na\u0161ou \u0161irokou \u0161k\u00e1lou farieb si ur\u010dite n\u00e1jdete retiazku, ktor\u00e1 bude dokonale ladi\u0165 s va\u0161imi \u017eal\u00faziami a celkov\u00fdm dizajnom v\u00e1\u0161ho domova.<\/li>\n<li data-sourcepos=\"27:1-28:0\"><strong>Dostupn\u00e9 farby:<\/strong> biela, svetlohned\u00e1, tmavohned\u00e1, antracit.<\/li>\n<\/ul>\n<p data-sourcepos=\"29:1-29:19\"><strong>Dostupn\u00e9 d\u013a\u017eky:<\/strong><\/p>\n<ul data-sourcepos=\"31:1-36:0\">\n<li data-sourcepos=\"31:1-31:44\"><strong>0,50 m:<\/strong> Celkov\u00fd obvod retiazky je 1 m.<\/li>\n<li data-sourcepos=\"32:1-32:47\"><strong>0,75 m:<\/strong> Celkov\u00fd obvod retiazky je 1,50 m.<\/li>\n<li data-sourcepos=\"33:1-33:41\"><strong>1 m:<\/strong> Celkov\u00fd obvod retiazky je 2 m.<\/li>\n<li data-sourcepos=\"34:1-34:43\"><strong>1,5 m:<\/strong> Celkov\u00fd obvod retiazky je 3 m.<\/li>\n<li data-sourcepos=\"35:1-36:0\"><strong>2 m:<\/strong> Celkov\u00fd obvod retiazky je 4 m.<\/li>\n<\/ul>\n<p data-sourcepos=\"37:1-37:22\"><strong>N\u00e1vod na pou\u017eitie:<\/strong><\/p>\n<ol data-sourcepos=\"39:1-42:0\">\n<li data-sourcepos=\"39:1-39:49\">Odstr\u00e1\u0148te star\u00fa retiazku z mechanizmu \u017eal\u00fazie.<\/li>\n<li data-sourcepos=\"40:1-40:58\">Nasu\u0148te nov\u00fa nekone\u010dn\u00fa retiazku na mechanizmus \u017eal\u00fazie.<\/li>\n<li data-sourcepos=\"41:1-42:0\">Skontrolujte, \u010di retiazka plynule a bez probl\u00e9mov funguje.<\/li>\n<\/ol>\n<p data-sourcepos=\"43:1-43:29\"><strong>Starostlivos\u0165 o retiazku:<\/strong><\/p>\n<p data-sourcepos=\"45:1-45:81\">Pre dlh\u00fa \u017eivotnos\u0165 retiazky odpor\u00fa\u010dame pravidelne ju \u010disti\u0165 od prachu a ne\u010dist\u00f4t.<\/p>\n<p data-sourcepos=\"57:1-57:55\">V pr\u00edpade ak\u00fdchko\u013evek ot\u00e1zok n\u00e1s nev\u00e1hajte kontaktova\u0165.<\/p>\n<p data-sourcepos=\"61:1-61:162\">\n","protected":false},"excerpt":{"rendered":"<p>Nekone\u010dn\u00e1 \u0161n\u00fara \u017eal\u00fazie (retiazka) pre interi\u00e9rov\u00e9 \u200b\u200bretiazkov\u00e9 \u017eal\u00fazie s priemerom guli\u010diek 3,2m.<\/p>\n<p>Retiazka je v jednej gu\u013e\u00f4\u010dke &#8220;zvaren\u00e1&#8221; &#8211; je <strong>bez<\/strong> spojky.<\/p>\n","protected":false},"featured_media":7111,"comment_status":"open","ping_status":"closed","template":"","meta":[],"product_cat":[96],"product_tag":[],"_links":{"self":[{"href":"https:\/\/www.brikol.sk\/hu\/wp-json\/wp\/v2\/product\/7099"}],"collection":[{"href":"https:\/\/www.brikol.sk\/hu\/wp-json\/wp\/v2\/product"}],"about":[{"href":"https:\/\/www.brikol.sk\/hu\/wp-json\/wp\/v2\/types\/product"}],"replies":[{"embeddable":true,"href":"https:\/\/www.brikol.sk\/hu\/wp-json\/wp\/v2\/comments?post=7099"}],"wp:featuredmedia":[{"embeddable":true,"href":"https:\/\/www.brikol.sk\/hu\/wp-json\/wp\/v2\/media\/7111"}],"wp:attachment":[{"href":"https:\/\/www.brikol.sk\/hu\/wp-json\/wp\/v2\/media?parent=7099"}],"wp:term":[{"taxonomy":"product_cat","embeddable":true,"href":"https:\/\/www.brikol.sk\/hu\/wp-json\/wp\/v2\/product_cat?post=7099"},{"taxonomy":"product_tag","embeddable":true,"href":"https:\/\/www.brikol.sk\/hu\/wp-json\/wp\/v2\/product_tag?post=7099"}],"curies":[{"name":"wp","href":"https:\/\/api.w.org\/{rel}","templated":true}]}}