{"id":7131,"date":"2023-02-08T10:39:27","date_gmt":"2023-02-08T09:39:27","guid":{"rendered":"https:\/\/www.brikol.sk\/?post_type=product&#038;p=7131"},"modified":"2026-02-17T14:41:34","modified_gmt":"2026-02-17T13:41:34","slug":"nekonecna-snura-retiazka-42-mm-ks","status":"publish","type":"product","link":"https:\/\/www.brikol.sk\/hu\/produkt\/nekonecna-snura-retiazka-42-mm-ks\/","title":{"rendered":"Nekone\u010dn\u00e1 \u0161n\u00fara (retiazka) 4,2 mm biela \/ ks"},"content":{"rendered":"<p data-start=\"781\" data-end=\"941\">Nekone\u010dn\u00e1 ovl\u00e1dacia retiazka je ur\u010den\u00e1 na ovl\u00e1danie interi\u00e9rov\u00fdch \u017eal\u00fazi\u00ed a roliet \u2013 sl\u00fa\u017ei na nakl\u00e1panie lamiel alebo vy\u0165ahovanie \u017eal\u00fazie pod\u013ea typu mechanizmu.<\/p>\n<p data-start=\"943\" data-end=\"1137\">Retiazka je vyhotoven\u00e1 ako <strong data-start=\"970\" data-end=\"1016\">uzavret\u00e1 slu\u010dka v jednom kuse (bez spojky)<\/strong>. Spoj je pevne zvaren\u00fd priamo v gu\u013e\u00f4\u010dke, \u010do zni\u017euje riziko rozpojenia pri pou\u017e\u00edvan\u00ed a zvy\u0161uje celkov\u00fa \u017eivotnos\u0165 v\u00fdrobku.<\/p>\n<p data-start=\"1139\" data-end=\"1214\">Vhodn\u00e1 ako n\u00e1hradn\u00fd diel pri pretrhnut\u00ed alebo opotreben\u00ed p\u00f4vodnej retiazky.<\/p>\n<h3 data-start=\"1042\" data-end=\"1064\">Technick\u00e9 \u00fadaje<\/h3>\n<ul data-start=\"1066\" data-end=\"1250\">\n<li data-start=\"1066\" data-end=\"1098\">\n<p data-start=\"1068\" data-end=\"1098\">priemer guli\u010diek: <strong data-start=\"1086\" data-end=\"1096\">4,2 mm<\/strong><\/p>\n<\/li>\n<li data-start=\"1099\" data-end=\"1148\">\n<p data-start=\"1101\" data-end=\"1148\">prevedenie: <strong data-start=\"1113\" data-end=\"1146\">nekone\u010dn\u00e1 slu\u010dka (bez spojky)<\/strong><\/p>\n<\/li>\n<li data-start=\"1099\" data-end=\"1148\">predaj: <strong data-start=\"1347\" data-end=\"1374\">1 kus = 1 hotov\u00e1 slu\u010dka<\/strong><\/li>\n<\/ul>\n<h3 data-start=\"1257\" data-end=\"1280\">D\u013a\u017eka \u2013 d\u00f4le\u017eit\u00e9<\/h3>\n<p data-start=\"1282\" data-end=\"1326\">Produkt sa pred\u00e1va ako <strong data-start=\"1305\" data-end=\"1325\">nekone\u010dn\u00e1 slu\u010dka<\/strong>.<\/p>\n<p data-start=\"1328\" data-end=\"1444\"><strong data-start=\"1328\" data-end=\"1354\">1 kus = 1 meter slu\u010dky<\/strong>, \u010do po rozvinut\u00ed predstavuje pribli\u017ene<br data-start=\"1393\" data-end=\"1396\" \/><strong data-start=\"1396\" data-end=\"1431\">2 metre celkovej d\u013a\u017eky retiazky<\/strong> (dve vetvy).<\/p>\n","protected":false},"excerpt":{"rendered":"<p>Nekone\u010dn\u00e1 gu\u013e\u00f4\u010dkov\u00e1 retiazka na ovl\u00e1danie interi\u00e9rov\u00fdch \u017eal\u00fazi\u00ed a roliet s priemerom guli\u010diek 4,2 mm.<\/p>\n<p>Dod\u00e1van\u00e1 v jednom kuse bez spojky \u2013 pevne zvaren\u00fd spoj .<\/p>\n","protected":false},"featured_media":7147,"comment_status":"open","ping_status":"closed","template":"","meta":[],"product_cat":[96],"product_tag":[],"_links":{"self":[{"href":"https:\/\/www.brikol.sk\/hu\/wp-json\/wp\/v2\/product\/7131"}],"collection":[{"href":"https:\/\/www.brikol.sk\/hu\/wp-json\/wp\/v2\/product"}],"about":[{"href":"https:\/\/www.brikol.sk\/hu\/wp-json\/wp\/v2\/types\/product"}],"replies":[{"embeddable":true,"href":"https:\/\/www.brikol.sk\/hu\/wp-json\/wp\/v2\/comments?post=7131"}],"wp:featuredmedia":[{"embeddable":true,"href":"https:\/\/www.brikol.sk\/hu\/wp-json\/wp\/v2\/media\/7147"}],"wp:attachment":[{"href":"https:\/\/www.brikol.sk\/hu\/wp-json\/wp\/v2\/media?parent=7131"}],"wp:term":[{"taxonomy":"product_cat","embeddable":true,"href":"https:\/\/www.brikol.sk\/hu\/wp-json\/wp\/v2\/product_cat?post=7131"},{"taxonomy":"product_tag","embeddable":true,"href":"https:\/\/www.brikol.sk\/hu\/wp-json\/wp\/v2\/product_tag?post=7131"}],"curies":[{"name":"wp","href":"https:\/\/api.w.org\/{rel}","templated":true}]}}