{"id":7152,"date":"2023-02-09T08:53:16","date_gmt":"2023-02-09T07:53:16","guid":{"rendered":"https:\/\/www.brikol.sk\/?post_type=product&#038;p=7152"},"modified":"2025-11-25T10:32:00","modified_gmt":"2025-11-25T09:32:00","slug":"bocne-krytky","status":"publish","type":"product","link":"https:\/\/www.brikol.sk\/hu\/produkt\/bocne-krytky\/","title":{"rendered":"Bo\u010dn\u00e9 krytky isotra\/ p\u00e1r"},"content":{"rendered":"<p>Bo\u010dn\u00e9 krytky pre horizont\u00e1lne \u017eal\u00fazie od v\u00fdrobcu K-System a WO und WO<\/p>\n","protected":false},"excerpt":{"rendered":"<p>Bo\u010dn\u00e9 krytky pre horizont\u00e1lne \u017eal\u00fazie od v\u00fdrobcu K-System a WO und WO<\/p>\n","protected":false},"featured_media":7156,"comment_status":"open","ping_status":"closed","template":"","meta":[],"product_cat":[65,84],"product_tag":[],"_links":{"self":[{"href":"https:\/\/www.brikol.sk\/hu\/wp-json\/wp\/v2\/product\/7152"}],"collection":[{"href":"https:\/\/www.brikol.sk\/hu\/wp-json\/wp\/v2\/product"}],"about":[{"href":"https:\/\/www.brikol.sk\/hu\/wp-json\/wp\/v2\/types\/product"}],"replies":[{"embeddable":true,"href":"https:\/\/www.brikol.sk\/hu\/wp-json\/wp\/v2\/comments?post=7152"}],"wp:featuredmedia":[{"embeddable":true,"href":"https:\/\/www.brikol.sk\/hu\/wp-json\/wp\/v2\/media\/7156"}],"wp:attachment":[{"href":"https:\/\/www.brikol.sk\/hu\/wp-json\/wp\/v2\/media?parent=7152"}],"wp:term":[{"taxonomy":"product_cat","embeddable":true,"href":"https:\/\/www.brikol.sk\/hu\/wp-json\/wp\/v2\/product_cat?post=7152"},{"taxonomy":"product_tag","embeddable":true,"href":"https:\/\/www.brikol.sk\/hu\/wp-json\/wp\/v2\/product_tag?post=7152"}],"curies":[{"name":"wp","href":"https:\/\/api.w.org\/{rel}","templated":true}]}}