{"id":7410,"date":"2023-02-21T14:59:46","date_gmt":"2023-02-21T13:59:46","guid":{"rendered":"https:\/\/www.brikol.sk\/?post_type=product&#038;p=7410"},"modified":"2026-04-22T12:07:58","modified_gmt":"2026-04-22T10:07:58","slug":"gulickova-snura-retiazka-42-mm-m","status":"publish","type":"product","link":"https:\/\/www.brikol.sk\/hu\/produkt\/gulickova-snura-retiazka-42-mm-m\/","title":{"rendered":"Guli\u010dkov\u00e1 \u0161n\u00fara (retiazka) hrub\u00e1 biela 4,2 mm \/ m"},"content":{"rendered":"<p><strong>Guli\u010dkov\u00e1 \u0161n\u00fara biela s priemerom 4,2 mm.<\/strong><\/p>\n<p>Vhodn\u00e1 pre l\u00e1tkov\u00e9 roletky, roletky de\u0148 a noc, roletky pliss\u00e9.<\/p>\n<p><strong>Guli\u010dkov\u00e1 \u0161n\u00fara<\/strong> sa stala najviac roz\u0161\u00edren\u00fdm sp\u00f4sobom ovl\u00e1dania \u017eal\u00fazi\u00ed. Ve\u013emi \u010dasto sa v\u0161ak st\u00e1va, \u017ee sa opotreben\u00edm a vekom pretrhne, v\u00fdhodou t\u00fdchto \u0161n\u00farok je v\u0161ak jednoduch\u00e1 v\u00fdmena. Pri jej v\u00fdmene m\u00f4\u017eete \u0161n\u00faru bez probl\u00e9mov skr\u00e1ti\u0165 no\u017enicami na po\u017eadovan\u00fa d\u013a\u017eku, pre spojenie guli\u010dkovej \u0161n\u00fary potrebujeme pou\u017ei\u0165 <a href=\"https:\/\/www.brikol.sk\/produkt\/spojka-gulickovej-snury\/?preview_id=270&amp;preview_nonce=962f0815f8&amp;_thumbnail_id=6578&amp;preview=true\"><span style=\"text-decoration: underline;\">spojku guli\u010dkovej \u0161n\u00fary.<\/span><\/a><\/p>\n<p>Tovar zasielame balen\u00fd na cel\u00e9 metre. V pr\u00edpade v\u00e4\u010d\u0161ej objedn\u00e1vky nad 100 m retiazku rozde\u013eujeme kv\u00f4li lep\u0161ej manipul\u00e1cii.<br \/>\nNapr. pri objedn\u00e1vke 5 kusov v\u00e1m bude poslan\u00fdch 5 metrov<\/p>\n","protected":false},"excerpt":{"rendered":"<p>Guli\u010dkov\u00e1 \u0161n\u00fara biela s priemerom <strong>4,2 mm<\/strong>. Guli\u010dkov\u00e1 \u0161n\u00fara je vhodn\u00e1 pre l\u00e1tkov\u00e9 roletky, roletky de\u0148 a noc, roletky pliss\u00e9.<\/p>\n","protected":false},"featured_media":7417,"comment_status":"open","ping_status":"closed","template":"","meta":[],"product_cat":[96],"product_tag":[],"_links":{"self":[{"href":"https:\/\/www.brikol.sk\/hu\/wp-json\/wp\/v2\/product\/7410"}],"collection":[{"href":"https:\/\/www.brikol.sk\/hu\/wp-json\/wp\/v2\/product"}],"about":[{"href":"https:\/\/www.brikol.sk\/hu\/wp-json\/wp\/v2\/types\/product"}],"replies":[{"embeddable":true,"href":"https:\/\/www.brikol.sk\/hu\/wp-json\/wp\/v2\/comments?post=7410"}],"wp:featuredmedia":[{"embeddable":true,"href":"https:\/\/www.brikol.sk\/hu\/wp-json\/wp\/v2\/media\/7417"}],"wp:attachment":[{"href":"https:\/\/www.brikol.sk\/hu\/wp-json\/wp\/v2\/media?parent=7410"}],"wp:term":[{"taxonomy":"product_cat","embeddable":true,"href":"https:\/\/www.brikol.sk\/hu\/wp-json\/wp\/v2\/product_cat?post=7410"},{"taxonomy":"product_tag","embeddable":true,"href":"https:\/\/www.brikol.sk\/hu\/wp-json\/wp\/v2\/product_tag?post=7410"}],"curies":[{"name":"wp","href":"https:\/\/api.w.org\/{rel}","templated":true}]}}