{"id":7421,"date":"2023-02-22T09:09:49","date_gmt":"2023-02-22T08:09:49","guid":{"rendered":"https:\/\/www.brikol.sk\/?post_type=product&#038;p=7421"},"modified":"2025-11-22T22:15:19","modified_gmt":"2025-11-22T21:15:19","slug":"koncovka-spodneho-profilu-ks","status":"publish","type":"product","link":"https:\/\/www.brikol.sk\/hu\/produkt\/koncovka-spodneho-profilu-ks\/","title":{"rendered":"Koncovka spodn\u00e9ho profilu Isotra \/ ks"},"content":{"rendered":"<div class=\"tab tab-1\">\n<div class=\"text\">\n<div id=\"koncovka-spodneho-profilu-isotra\">\n<p><span style=\"font-size: 110%;\"><strong>Koncovka spodn\u00e9ho profilu Isotra<\/strong><\/span><\/p>\n<p><strong>Koncovka na spodn\u00fd profil<\/strong> (li\u0161tu) pre interi\u00e9rov\u00e9 \u017eal\u00fazie Isotra m\u00e1 o\u010dko, ktor\u00fdm prech\u00e1dza bo\u010dn\u00fd <strong><span style=\"text-decoration: underline;\"><a href=\"https:\/\/www.brikol.sk\/produkt\/silon-zilka-zaluzie-2\/\">vodiaci sil\u00f3n<\/a><\/span><\/strong> \u017eal\u00fazie. \u00dalohou koncovky je zlep\u0161i\u0165 vedenie spodn\u00e9ho profilu pri manipul\u00e1cii so \u017eal\u00faziami aby sa zabezpe\u010dilo plynul\u00e9 s\u0165ahovanie a vy\u0165ahovanie \u017eal\u00fazie.<\/p>\n<p>O\u010dko m\u00f4\u017eete premiest\u0148ova\u0165 do troch poz\u00edci\u00ed, sta\u010d\u00ed ho vysun\u00fa\u0165 a umiestni\u0165 do in\u00e9ho otvoru koncovky. Plastov\u00fa koncovku spodn\u00e9ho profilu mo\u017eno pou\u017ei\u0165 na pravej aj \u013eavej strane.<\/p>\n<p>R\u00f4zne farebn\u00e9 prevedenie: biela, svetlohned\u00e1, tmavohned\u00e1, siv\u00e1<\/p>\n<\/div>\n<\/div>\n<\/div>\n","protected":false},"excerpt":{"rendered":"<p>Koncovka spodn\u00e9ho profilu pre \u017eal\u00fazie Isotra, sl\u00fa\u017ei na uzavretie spodn\u00e9ho profilu a vedenie sil\u00f3nu na spodnej \u010dasti horizont\u00e1lnej \u017eal\u00fazie&#8230;<a href=\"#koncovka-spodneho-profilu-isotra\"><span style=\"text-decoration: underline; color: #0000ff;\"><strong>Viac v popise<\/strong><\/span><\/a><\/p>\n","protected":false},"featured_media":7422,"comment_status":"closed","ping_status":"closed","template":"","meta":[],"product_cat":[65,84],"product_tag":[],"_links":{"self":[{"href":"https:\/\/www.brikol.sk\/hu\/wp-json\/wp\/v2\/product\/7421"}],"collection":[{"href":"https:\/\/www.brikol.sk\/hu\/wp-json\/wp\/v2\/product"}],"about":[{"href":"https:\/\/www.brikol.sk\/hu\/wp-json\/wp\/v2\/types\/product"}],"replies":[{"embeddable":true,"href":"https:\/\/www.brikol.sk\/hu\/wp-json\/wp\/v2\/comments?post=7421"}],"wp:featuredmedia":[{"embeddable":true,"href":"https:\/\/www.brikol.sk\/hu\/wp-json\/wp\/v2\/media\/7422"}],"wp:attachment":[{"href":"https:\/\/www.brikol.sk\/hu\/wp-json\/wp\/v2\/media?parent=7421"}],"wp:term":[{"taxonomy":"product_cat","embeddable":true,"href":"https:\/\/www.brikol.sk\/hu\/wp-json\/wp\/v2\/product_cat?post=7421"},{"taxonomy":"product_tag","embeddable":true,"href":"https:\/\/www.brikol.sk\/hu\/wp-json\/wp\/v2\/product_tag?post=7421"}],"curies":[{"name":"wp","href":"https:\/\/api.w.org\/{rel}","templated":true}]}}