{"id":7458,"date":"2023-02-23T08:38:21","date_gmt":"2023-02-23T07:38:21","guid":{"rendered":"https:\/\/www.brikol.sk\/?post_type=product&#038;p=7458"},"modified":"2026-01-08T10:57:26","modified_gmt":"2026-01-08T09:57:26","slug":"spojovacia-retiazka-zavazi-vertikaly-89-m","status":"publish","type":"product","link":"https:\/\/www.brikol.sk\/hu\/produkt\/spojovacia-retiazka-zavazi-vertikaly-89-m\/","title":{"rendered":"Spojovacia retiazka z\u00e1va\u017e\u00ed vertik\u00e1ly 89 \/ m"},"content":{"rendered":"<p>Spojovacia retiazka z\u00e1va\u017e\u00ed vertik\u00e1ly ur\u010den\u00e1 pre l\u00e1tky so \u0161\u00edrkou 89 mm.<\/p>\n<p>Spojovacia retiazka sa prip\u00e1ja z bo\u010dnej strany na z\u00e1va\u017eia a zaistuje spr\u00e1vnu polohu lamiel pri ich pret\u00e1\u010dan\u00ed.<\/p>\n<p>Tovar zasielame balen\u00fd na cel\u00e9 metre. V pr\u00edpade v\u00e4\u010d\u0161ej objedn\u00e1vky nad 100 m retiazku rozde\u013eujeme kv\u00f4li lep\u0161ej manipul\u00e1cii.<br \/>\nNapr. pri objedn\u00e1vke 5 kusov v\u00e1m bude poslan\u00fdch 5 metrov vcelku.<\/p>\n","protected":false},"excerpt":{"rendered":"<p>Spojovacia retiazka z\u00e1va\u017e\u00ed vertik\u00e1ly ur\u010den\u00e1 pre l\u00e1tky so \u0161\u00edrkou 89 mm.<\/p>\n<p>Tovar zasielame balen\u00fd na cel\u00e9 metre. V pr\u00edpade v\u00e4\u010d\u0161ej objedn\u00e1vky nad 100 m retiazku rozde\u013eujeme kv\u00f4li lep\u0161ej manipul\u00e1cii.<br \/>\nNapr. pri objedn\u00e1vke 5 kusov v\u00e1m bude poslan\u00fdch 5 metrov<\/p>\n","protected":false},"featured_media":649,"comment_status":"closed","ping_status":"closed","template":"","meta":[],"product_cat":[66],"product_tag":[],"_links":{"self":[{"href":"https:\/\/www.brikol.sk\/hu\/wp-json\/wp\/v2\/product\/7458"}],"collection":[{"href":"https:\/\/www.brikol.sk\/hu\/wp-json\/wp\/v2\/product"}],"about":[{"href":"https:\/\/www.brikol.sk\/hu\/wp-json\/wp\/v2\/types\/product"}],"replies":[{"embeddable":true,"href":"https:\/\/www.brikol.sk\/hu\/wp-json\/wp\/v2\/comments?post=7458"}],"wp:featuredmedia":[{"embeddable":true,"href":"https:\/\/www.brikol.sk\/hu\/wp-json\/wp\/v2\/media\/649"}],"wp:attachment":[{"href":"https:\/\/www.brikol.sk\/hu\/wp-json\/wp\/v2\/media?parent=7458"}],"wp:term":[{"taxonomy":"product_cat","embeddable":true,"href":"https:\/\/www.brikol.sk\/hu\/wp-json\/wp\/v2\/product_cat?post=7458"},{"taxonomy":"product_tag","embeddable":true,"href":"https:\/\/www.brikol.sk\/hu\/wp-json\/wp\/v2\/product_tag?post=7458"}],"curies":[{"name":"wp","href":"https:\/\/api.w.org\/{rel}","templated":true}]}}