{"id":7533,"date":"2023-03-02T13:19:11","date_gmt":"2023-03-02T12:19:11","guid":{"rendered":"https:\/\/www.brikol.sk\/?post_type=product&#038;p=7533"},"modified":"2024-10-17T11:24:10","modified_gmt":"2024-10-17T09:24:10","slug":"vodotesna-folia-exterier-me220","status":"publish","type":"product","link":"https:\/\/www.brikol.sk\/hu\/produkt\/vodotesna-folia-exterier-me220\/","title":{"rendered":"Vodotesn\u00e1 f\u00f3lia Exteri\u00e9r ME220"},"content":{"rendered":"<div class=\"popisObsah\">\n<p>Unik\u00e1tna <strong>fas\u00e1dna tesniaca f\u00f3lia<\/strong> vhodn\u00e1 na vytvorenie vodotesnej z\u00e1brany na exteri\u00e9rovej strane kon\u0161trukci\u00ed a \u0161p\u00e1r. V\u010faka svojmu prevedeniu je aplikovate\u013en\u00e1 do v\u0161etk\u00fdch be\u017en\u00fdch tvarov detailov.<\/p>\n<ul>\n<li>len do exteri\u00e9ru<\/li>\n<li>aplik\u00e1cia od +5 \u00b0C do +35 \u00b0C<\/li>\n<\/ul>\n<h2><span style=\"font-size: 80%;\">Farba &#8211; <span style=\"font-size: 75%;\">\u010dierna<\/span><\/span><\/h2>\n<h2><span style=\"font-size: 80%;\">Prednosti<\/span><\/h2>\n<ul>\n<li><span style=\"font-family: Arial;\">ve\u013emi h\u00fa\u017eevnat\u00fd materi\u00e1l odoln\u00fd vo\u010di po\u0161kodeniu<\/span><\/li>\n<li><span style=\"font-family: Arial;\">extr\u00e9mna schopnos\u0165 prenosu dilata\u010dn\u00fdch pohybov<\/span><\/li>\n<li><span style=\"font-family: Arial;\">ve\u013emi vysok\u00e1 odolnos\u0165 vo\u010di poveternostn\u00fdm vplyvom a starnutiu<\/span><\/li>\n<\/ul>\n<\/div>\n<p><span style=\"text-decoration: underline;\"><strong>Na stiahnutie <\/strong><\/span><\/p>\n<p><a href=\"https:\/\/www.brikol.sk\/wp-content\/uploads\/2023\/03\/Technicky-list-2.pdf\">Technick\u00fd list<\/a><\/p>\n<p><a href=\"https:\/\/www.brikol.sk\/wp-content\/uploads\/2023\/03\/Bezpecnostny-list-1.pdf\">Bezpe\u010dnostn\u00fd list<\/a><\/p>\n<p><a href=\"https:\/\/www.brikol.sk\/wp-content\/uploads\/2023\/03\/Certifikat.pdf\">Certifikat<\/a><\/p>\n<p><a href=\"https:\/\/www.brikol.sk\/wp-content\/uploads\/2023\/03\/atest-1.pdf\">atest<\/a><\/p>\n<p><a href=\"https:\/\/www.brikol.sk\/wp-content\/uploads\/2023\/03\/vyhlasenie-o-parametroch-1.pdf\">vyhl\u00e1senie o parametroch<\/a><\/p>\n<p><span style=\"font-size: 75%;\">Tovar na externom sklade jeho expedovanie do 2 &#8211; 3 pracovn\u00fdch dn\u00ed<\/span><\/p>\n","protected":false},"excerpt":{"rendered":"<p><strong><span style=\"font-size: 110%;\">Unik\u00e1tna<\/span> fas\u00e1dna tesniaca f\u00f3lia <\/strong>vhodn\u00e1 na vytvorenie vodotesnej z\u00e1brany na exteri\u00e9rovej strane kon\u0161trukci\u00ed a \u0161p\u00e1r. V\u010faka svojmu prevedeniu je aplikovate\u013en\u00e1 do v\u0161etk\u00fdch be\u017en\u00fdch tvarov detailov.<\/p>\n","protected":false},"featured_media":7541,"comment_status":"open","ping_status":"closed","template":"","meta":[],"product_cat":[81],"product_tag":[],"_links":{"self":[{"href":"https:\/\/www.brikol.sk\/hu\/wp-json\/wp\/v2\/product\/7533"}],"collection":[{"href":"https:\/\/www.brikol.sk\/hu\/wp-json\/wp\/v2\/product"}],"about":[{"href":"https:\/\/www.brikol.sk\/hu\/wp-json\/wp\/v2\/types\/product"}],"replies":[{"embeddable":true,"href":"https:\/\/www.brikol.sk\/hu\/wp-json\/wp\/v2\/comments?post=7533"}],"wp:featuredmedia":[{"embeddable":true,"href":"https:\/\/www.brikol.sk\/hu\/wp-json\/wp\/v2\/media\/7541"}],"wp:attachment":[{"href":"https:\/\/www.brikol.sk\/hu\/wp-json\/wp\/v2\/media?parent=7533"}],"wp:term":[{"taxonomy":"product_cat","embeddable":true,"href":"https:\/\/www.brikol.sk\/hu\/wp-json\/wp\/v2\/product_cat?post=7533"},{"taxonomy":"product_tag","embeddable":true,"href":"https:\/\/www.brikol.sk\/hu\/wp-json\/wp\/v2\/product_tag?post=7533"}],"curies":[{"name":"wp","href":"https:\/\/api.w.org\/{rel}","templated":true}]}}