{"id":7590,"date":"2023-03-03T08:31:30","date_gmt":"2023-03-03T07:31:30","guid":{"rendered":"https:\/\/www.brikol.sk\/?post_type=product&#038;p=7590"},"modified":"2024-10-17T11:21:52","modified_gmt":"2024-10-17T09:21:52","slug":"illmod-trio-600","status":"publish","type":"product","link":"https:\/\/www.brikol.sk\/hu\/produkt\/illmod-trio-600\/","title":{"rendered":"Komprimovan\u00e1 p\u00e1ska ILLMOD TRIO 600"},"content":{"rendered":"<p><span style=\"font-size: 115%;\"><strong>ILLMOD TRIO 600<\/strong><\/span> je produkt, ktor\u00fd umo\u017e\u0148uje utesnenie parapetnej \u0161p\u00e1ry pod podkladov\u00fdm profilom len jedn\u00fdm produktom a pritom st\u00e1le plat\u00ed z\u00e1sada &#8220;vo vn\u00fatri tesnej\u0161ie ako zvonku&#8221;. Produkt bol vyvinut\u00fd na ve\u013emi r\u00fdchlu a spo\u013eahliv\u00fa izol\u00e1ciu \u0161p\u00e1r pri mont\u00e1\u017ei okien a dver\u00ed. Utesnen\u00e1 \u0161p\u00e1ra je vodotesn\u00e1, vzduchotesn\u00e1 a v\u00fdborne tepelne izoluje.<\/p>\n<ul>\n<li>vhodn\u00fd do interi\u00e9ru aj exteri\u00e9ru<\/li>\n<li>aplika\u010dn\u00e1 teplota bez obmedzenia<\/li>\n<\/ul>\n<h2><span style=\"font-size: 80%;\">Farba<\/span><\/h2>\n<ul>\n<li>antracit<\/li>\n<li>vn\u00fatorn\u00e1 \/ interi\u00e9rov\u00e1\u00a0 strana svetlo \u0161ed\u00e1<\/li>\n<\/ul>\n<h2><span style=\"font-size: 80%;\">Prednosti<\/span><\/h2>\n<ul>\n<li>aplik\u00e1cia nez\u00e1visl\u00e1 na po\u010das\u00ed a teplote<\/li>\n<li>ide\u00e1lny pre dilata\u010dn\u00e9 \u0161p\u00e1ry<\/li>\n<\/ul>\n<ul>\n<li>trvale UV stabiln\u00fd<\/li>\n<\/ul>\n<p><span style=\"text-decoration: underline;\"><strong><span style=\"font-size: 130%;\">Na stiahnutie<\/span> <\/strong><\/span><\/p>\n<p><a href=\"https:\/\/www.brikol.sk\/wp-content\/uploads\/2023\/03\/technicky-list.pdf\">Technick\u00fd list<\/a><\/p>\n<p><a href=\"https:\/\/www.brikol.sk\/wp-content\/uploads\/2023\/03\/Bezpecnostny-list-4.pdf\">Bezpe\u010dnostn\u00fd list<\/a><\/p>\n<p><a href=\"https:\/\/www.brikol.sk\/wp-content\/uploads\/2023\/03\/Certifikat-3.pdf\">Certifikat<\/a><\/p>\n<p><a href=\"https:\/\/www.brikol.sk\/wp-content\/uploads\/2023\/03\/Vyhlasenie-o-parametroch-folie-a-pasky.pdf\">Vyhl\u00e1senie o parametroch &#8211; f\u00f3lie a p\u00e1sky<\/a><\/p>\n<p><a href=\"https:\/\/www.brikol.sk\/wp-content\/uploads\/2023\/03\/Atest-prievzdusnost.pdf\">Atest &#8211; prievzdu\u0161nos\u0165<\/a><\/p>\n<p><a href=\"https:\/\/www.brikol.sk\/wp-content\/uploads\/2023\/03\/Atest-prievzdusnost.vodotesnost.pdf\">Atest &#8211; prievzdu\u0161nos\u0165.vodotesnos\u0165<\/a><\/p>\n<p><span style=\"font-size: 75%;\">Tovar na externom sklade jeho expedovanie do 2 &#8211; 3 pracovn\u00fdch dn\u00ed<\/span><\/p>\n<p>&nbsp;<\/p>\n<p>&nbsp;<\/p>\n<p>&nbsp;<\/p>\n<p>&nbsp;<\/p>\n<p>&nbsp;<\/p>\n<p>&nbsp;<\/p>\n","protected":false},"excerpt":{"rendered":"<p><strong>ILLMOD TRIO 600<\/strong> je produkt, ktor\u00fd umo\u017e\u0148uje utesnenie parapetnej \u0161p\u00e1ry pod podkladov\u00fdm profilom len jedn\u00fdm produktom a pritom st\u00e1le plat\u00ed z\u00e1sada &#8220;vo vn\u00fatri tesnej\u0161ie ako zvonku&#8221;.<\/p>\n","protected":false},"featured_media":7597,"comment_status":"open","ping_status":"closed","template":"","meta":[],"product_cat":[81],"product_tag":[],"_links":{"self":[{"href":"https:\/\/www.brikol.sk\/hu\/wp-json\/wp\/v2\/product\/7590"}],"collection":[{"href":"https:\/\/www.brikol.sk\/hu\/wp-json\/wp\/v2\/product"}],"about":[{"href":"https:\/\/www.brikol.sk\/hu\/wp-json\/wp\/v2\/types\/product"}],"replies":[{"embeddable":true,"href":"https:\/\/www.brikol.sk\/hu\/wp-json\/wp\/v2\/comments?post=7590"}],"wp:featuredmedia":[{"embeddable":true,"href":"https:\/\/www.brikol.sk\/hu\/wp-json\/wp\/v2\/media\/7597"}],"wp:attachment":[{"href":"https:\/\/www.brikol.sk\/hu\/wp-json\/wp\/v2\/media?parent=7590"}],"wp:term":[{"taxonomy":"product_cat","embeddable":true,"href":"https:\/\/www.brikol.sk\/hu\/wp-json\/wp\/v2\/product_cat?post=7590"},{"taxonomy":"product_tag","embeddable":true,"href":"https:\/\/www.brikol.sk\/hu\/wp-json\/wp\/v2\/product_tag?post=7590"}],"curies":[{"name":"wp","href":"https:\/\/api.w.org\/{rel}","templated":true}]}}