{"id":7656,"date":"2023-03-06T07:54:05","date_gmt":"2023-03-06T06:54:05","guid":{"rendered":"https:\/\/www.brikol.sk\/?post_type=product&#038;p=7656"},"modified":"2024-08-16T11:54:21","modified_gmt":"2024-08-16T09:54:21","slug":"vymedzovacie-kliny","status":"publish","type":"product","link":"https:\/\/www.brikol.sk\/hu\/produkt\/vymedzovacie-kliny\/","title":{"rendered":"Zasklievacie kliny"},"content":{"rendered":"<h1>Vymedzovacie kliny<\/h1>\n<p>Vymedzovacie kliny ur\u010den\u00e9 na presn\u00e9 osadenie okien \u010di dver\u00ed.<\/p>\n<h2><span style=\"font-size: 80%;\">Prednosti\u00a0<\/span><\/h2>\n<ul>\n<li>dlh\u00e1 \u017eivotnos\u0165<\/li>\n<li>nulov\u00e1 nasiakavos\u0165<\/li>\n<\/ul>\n<p><span style=\"font-size: 115%;\"><strong>Rozmer<\/strong><\/span><\/p>\n<p>Mal\u00fd : 75mm x 30mm x13 mm<\/p>\n<p>Stredn\u00fd: 95mm x 43mm x 15mm<\/p>\n<p><span style=\"font-size: 75%;\">Tovar je na externom sklade jeho expedovanie je do 2 &#8211; 3 pracovn\u00fdch dn\u00ed<\/span><\/p>\n<p>&nbsp;<\/p>\n<p>&nbsp;<\/p>\n<p>&nbsp;<\/p>\n<p>&nbsp;<\/p>\n<p>&nbsp;<\/p>\n","protected":false},"excerpt":{"rendered":"<p>Vymedzovacie kliny ur\u010den\u00e9 na presn\u00e9 osadenie okien \u010di dver\u00ed.<\/p>\n","protected":false},"featured_media":7661,"comment_status":"open","ping_status":"closed","template":"","meta":[],"product_cat":[81],"product_tag":[],"_links":{"self":[{"href":"https:\/\/www.brikol.sk\/hu\/wp-json\/wp\/v2\/product\/7656"}],"collection":[{"href":"https:\/\/www.brikol.sk\/hu\/wp-json\/wp\/v2\/product"}],"about":[{"href":"https:\/\/www.brikol.sk\/hu\/wp-json\/wp\/v2\/types\/product"}],"replies":[{"embeddable":true,"href":"https:\/\/www.brikol.sk\/hu\/wp-json\/wp\/v2\/comments?post=7656"}],"wp:featuredmedia":[{"embeddable":true,"href":"https:\/\/www.brikol.sk\/hu\/wp-json\/wp\/v2\/media\/7661"}],"wp:attachment":[{"href":"https:\/\/www.brikol.sk\/hu\/wp-json\/wp\/v2\/media?parent=7656"}],"wp:term":[{"taxonomy":"product_cat","embeddable":true,"href":"https:\/\/www.brikol.sk\/hu\/wp-json\/wp\/v2\/product_cat?post=7656"},{"taxonomy":"product_tag","embeddable":true,"href":"https:\/\/www.brikol.sk\/hu\/wp-json\/wp\/v2\/product_tag?post=7656"}],"curies":[{"name":"wp","href":"https:\/\/api.w.org\/{rel}","templated":true}]}}