{"id":7680,"date":"2023-03-07T08:23:59","date_gmt":"2023-03-07T07:23:59","guid":{"rendered":"https:\/\/www.brikol.sk\/?post_type=product&#038;p=7680"},"modified":"2025-12-09T20:42:54","modified_gmt":"2025-12-09T19:42:54","slug":"konzolka-prvej-lamely-zaluzie","status":"publish","type":"product","link":"https:\/\/www.brikol.sk\/hu\/produkt\/konzolka-prvej-lamely-zaluzie\/","title":{"rendered":"Konzolka prvej lamely \u017eal\u00fazie \/ ks"},"content":{"rendered":"<div><strong>Konzolka prvej lamely \u017eal\u00fazie<\/strong><\/div>\n<div><\/div>\n<div id=\"plastova-priehladna-konzolka\"><span style=\"font-size: 100%;\"><strong>Plastov\u00e1 priehl\u013eadn\u00e1 konzolka<\/strong> prvej lamely \u017eal\u00fazie, sl\u00fa\u017ei pre uchytenie rebr\u00ed\u010dku na prvej lamele \u017eal\u00fazie.<\/span><\/div>\n<div>Pou\u017e\u00edva sa namiesto predt\u00fdm pou\u017e\u00edvan\u00fdch konzoliek z hlin\u00edkov\u00e9ho plechu. Hlin\u00edkov\u00e9mu plechu \u010dasto opadnu &#8220;u\u0161k\u00e1&#8221; a potom der\u00fa textiln\u00fa p\u00e1sku pre vytahovanie lamiel \u017eal\u00fazie. Plastov\u00e1 konzolka sa nacvakne na prv\u00fa lamelu pod horn\u00fdm profilom (lamela sa mierne zatla\u010d\u00ed medzi prstami)<\/p>\n<h3><\/h3>\n<p>&nbsp;<\/p>\n<\/div>\n","protected":false},"excerpt":{"rendered":"<p><strong>Plastov\u00e1 priehl\u013eadn\u00e1 konzolka<\/strong> prvej lamely \u017eal\u00fazie, sl\u00fa\u017ei pre uchytenie rebr\u00ed\u010dku na prvej lamele \u017eal\u00fazie&#8230;<a href=\"#plastova-priehladna-konzolka\"><span style=\"text-decoration: underline; color: #0000ff;\"><strong>Viac v popise<\/strong><\/span><\/a><\/p>\n","protected":false},"featured_media":7681,"comment_status":"open","ping_status":"closed","template":"","meta":[],"product_cat":[65,85,84,86,88],"product_tag":[],"_links":{"self":[{"href":"https:\/\/www.brikol.sk\/hu\/wp-json\/wp\/v2\/product\/7680"}],"collection":[{"href":"https:\/\/www.brikol.sk\/hu\/wp-json\/wp\/v2\/product"}],"about":[{"href":"https:\/\/www.brikol.sk\/hu\/wp-json\/wp\/v2\/types\/product"}],"replies":[{"embeddable":true,"href":"https:\/\/www.brikol.sk\/hu\/wp-json\/wp\/v2\/comments?post=7680"}],"wp:featuredmedia":[{"embeddable":true,"href":"https:\/\/www.brikol.sk\/hu\/wp-json\/wp\/v2\/media\/7681"}],"wp:attachment":[{"href":"https:\/\/www.brikol.sk\/hu\/wp-json\/wp\/v2\/media?parent=7680"}],"wp:term":[{"taxonomy":"product_cat","embeddable":true,"href":"https:\/\/www.brikol.sk\/hu\/wp-json\/wp\/v2\/product_cat?post=7680"},{"taxonomy":"product_tag","embeddable":true,"href":"https:\/\/www.brikol.sk\/hu\/wp-json\/wp\/v2\/product_tag?post=7680"}],"curies":[{"name":"wp","href":"https:\/\/api.w.org\/{rel}","templated":true}]}}