{"id":8172,"date":"2023-05-12T10:18:58","date_gmt":"2023-05-12T08:18:58","guid":{"rendered":"https:\/\/www.brikol.sk\/?post_type=product&#038;p=8172"},"modified":"2026-01-08T08:43:11","modified_gmt":"2026-01-08T07:43:11","slug":"krytky-pantov-maco-pre-drevene-okna-sada","status":"publish","type":"product","link":"https:\/\/www.brikol.sk\/hu\/produkt\/krytky-pantov-maco-pre-drevene-okna-sada\/","title":{"rendered":"Krytky p\u00e1ntov MACO pre dreven\u00e9 okn\u00e1 \/ sada"},"content":{"rendered":"<p><strong>Krytky p\u00e1ntov MACO pre dreven\u00e9 okn\u00e1<\/strong><\/p>\n<p>Sada krytiek p\u00e1ntov ur\u010den\u00e1 pre kovanie MACO na dreven\u00fdch okn\u00e1ch.<\/p>\n<p>Krytky p\u00e1ntov MACO vyroben\u00e9 z plastu s dlhou dobou \u017eivostnosti. Ur\u010den\u00e9 s\u00fa pre dreven\u00e9 okn\u00e1. Mont\u00e1\u017e krytiek p\u00e1ntov je jednoducha, sta\u010d\u00ed ke\u010f ich len nasuniete na z\u00e1vesy.<\/p>\n<p>Vrchn\u00e1 krytka r\u00e1mov\u00e9ho lo\u017eiska &#8211; 80 mm, rozte\u010d 51 mm<br \/>\nVrchn\u00e1 krytka kr\u00eddlov\u00e9ho uholn\u00edku &#8211; 52 mm<br \/>\nSpodn\u00e1 krytka r\u00e1mov\u00e9ho dielu &#8211; 72 mm<br \/>\nKrytka r\u00e1mov\u00e9ho dielu mal\u00e1 &#8211; 17 mm<br \/>\nSpodn\u00e1 krytka kr\u00eddlov\u00e9ho dielu -75 mm<\/p>\n","protected":false},"excerpt":{"rendered":"<p>Sada krytiek p\u00e1ntov na dreven\u00fdch okn\u00e1ch je ur\u010den\u00e1 pre kovanie MACO. Mont\u00e1\u017e krytiek p\u00e1ntov je jednod\u00fdch\u00e1, krytky sa len nasun\u00fa na z\u00e1vesy.<\/p>\n<p>&nbsp;<\/p>\n<p>&nbsp;<\/p>\n","protected":false},"featured_media":8177,"comment_status":"closed","ping_status":"closed","template":"","meta":[],"product_cat":[68,211,92,212],"product_tag":[],"_links":{"self":[{"href":"https:\/\/www.brikol.sk\/hu\/wp-json\/wp\/v2\/product\/8172"}],"collection":[{"href":"https:\/\/www.brikol.sk\/hu\/wp-json\/wp\/v2\/product"}],"about":[{"href":"https:\/\/www.brikol.sk\/hu\/wp-json\/wp\/v2\/types\/product"}],"replies":[{"embeddable":true,"href":"https:\/\/www.brikol.sk\/hu\/wp-json\/wp\/v2\/comments?post=8172"}],"wp:featuredmedia":[{"embeddable":true,"href":"https:\/\/www.brikol.sk\/hu\/wp-json\/wp\/v2\/media\/8177"}],"wp:attachment":[{"href":"https:\/\/www.brikol.sk\/hu\/wp-json\/wp\/v2\/media?parent=8172"}],"wp:term":[{"taxonomy":"product_cat","embeddable":true,"href":"https:\/\/www.brikol.sk\/hu\/wp-json\/wp\/v2\/product_cat?post=8172"},{"taxonomy":"product_tag","embeddable":true,"href":"https:\/\/www.brikol.sk\/hu\/wp-json\/wp\/v2\/product_tag?post=8172"}],"curies":[{"name":"wp","href":"https:\/\/api.w.org\/{rel}","templated":true}]}}