{"id":8503,"date":"2023-06-29T11:01:23","date_gmt":"2023-06-29T09:01:23","guid":{"rendered":"https:\/\/www.brikol.sk\/?post_type=product&#038;p=8503"},"modified":"2026-04-07T16:19:20","modified_gmt":"2026-04-07T14:19:20","slug":"nit-trhaci-al-4x6mm-ks","status":"publish","type":"product","link":"https:\/\/www.brikol.sk\/hu\/produkt\/nit-trhaci-al-4x6mm-ks\/","title":{"rendered":"Nit trhac\u00ed AL 4x6mm \/ ks"},"content":{"rendered":"<div id=\"trhaci-nit\">\n<p><strong>Trhac\u00ed nit AL 4x6mm<\/strong><\/p>\n<p>Trhacie nity sa pou\u017e\u00edvaj\u00fa na sp\u00e1janie dvoch komponentov, tenkostenn\u00fdch mater\u00e1lov. Ako napr\u00edklad oce\u013e, plasty alebo in\u00e9 materi\u00e1ly s r\u00f4znou pevnos\u0165ou a hr\u00fabkou. <strong>Trhacie nity zabezpe\u010dia spo\u013eahliv\u00e9 spojenie. <\/strong>Nitovan\u00edm sa zabezpe\u010d\u00ed nerozoberate\u013en\u00fd, pevn\u00fd spoj. Ve\u013ek\u00e9 komponenty mo\u017eno trvalo spoji\u0165 bez deform\u00e1cie a po\u0161kodenia povrchu. Rozsah pou\u017eitia nitov je prakticky neobmedzen\u00fd pou\u017e\u00edvaj\u00fa sa v priemyseln\u00fdch a stavebn\u00fdch oblastiach ale aj v <strong>dom\u00e1cnosti.<\/strong> Do ve\u013ekej miery je vyl\u00fa\u010den\u00e1 aj mo\u017enos\u0165 kor\u00f3zie.<\/p>\n<p>priemer : 4mm<\/p>\n<p>d\u013a\u017eka : 6mm<\/p>\n<p>Vhodn\u00e9 pou\u017ei\u0165 na upevnenie <a href=\"https:\/\/www.brikol.sk\/produkt\/kovove-madielko-pre-sietove-dvere\/\">kovov\u00e9ho madielka<\/a> na sie\u0165ov\u00e9 dvere proti hmyzu.<\/p>\n<p>&nbsp;<\/p>\n<p>&nbsp;<\/p>\n<\/div>\n","protected":false},"excerpt":{"rendered":"<p>Trhacie nity sa pou\u017e\u00edvaj\u00fa na sp\u00e1janie dvoch komponentov, tenkostenn\u00fdch mater\u00e1lov. Ako napr\u00edklad oce\u013e, plasty alebo in\u00e9 materi\u00e1ly s r\u00f4znou pevnos\u0165ou a hr\u00fabkou. <strong>Trhacie nity zabezpe\u010dia spo\u013eahliv\u00e9 spojenie&#8230;<span style=\"color: #0000ff;\"><a style=\"color: #0000ff;\" href=\"#trhaci-nit\">Viac v popise<\/a><\/span><br \/>\n<\/strong><\/p>\n","protected":false},"featured_media":8504,"comment_status":"open","ping_status":"closed","template":"","meta":[],"product_cat":[83,100],"product_tag":[],"_links":{"self":[{"href":"https:\/\/www.brikol.sk\/hu\/wp-json\/wp\/v2\/product\/8503"}],"collection":[{"href":"https:\/\/www.brikol.sk\/hu\/wp-json\/wp\/v2\/product"}],"about":[{"href":"https:\/\/www.brikol.sk\/hu\/wp-json\/wp\/v2\/types\/product"}],"replies":[{"embeddable":true,"href":"https:\/\/www.brikol.sk\/hu\/wp-json\/wp\/v2\/comments?post=8503"}],"wp:featuredmedia":[{"embeddable":true,"href":"https:\/\/www.brikol.sk\/hu\/wp-json\/wp\/v2\/media\/8504"}],"wp:attachment":[{"href":"https:\/\/www.brikol.sk\/hu\/wp-json\/wp\/v2\/media?parent=8503"}],"wp:term":[{"taxonomy":"product_cat","embeddable":true,"href":"https:\/\/www.brikol.sk\/hu\/wp-json\/wp\/v2\/product_cat?post=8503"},{"taxonomy":"product_tag","embeddable":true,"href":"https:\/\/www.brikol.sk\/hu\/wp-json\/wp\/v2\/product_tag?post=8503"}],"curies":[{"name":"wp","href":"https:\/\/api.w.org\/{rel}","templated":true}]}}