{"id":8564,"date":"2023-07-11T10:50:13","date_gmt":"2023-07-11T08:50:13","guid":{"rendered":"https:\/\/www.brikol.sk\/?post_type=product&#038;p=8564"},"modified":"2026-03-09T20:51:34","modified_gmt":"2026-03-09T19:51:34","slug":"krytky-pantov-gu-prava-sada","status":"publish","type":"product","link":"https:\/\/www.brikol.sk\/hu\/produkt\/krytky-pantov-gu-prava-sada\/","title":{"rendered":"Krytky p\u00e1ntov GU prav\u00e1 \/ sada"},"content":{"rendered":"<p>Krytky p\u00e1ntov Gu prav\u00e1 ur\u010den\u00e9 pre kovanie GU z v\u00fdrezom na pravej strane na plastov\u00e9 okn\u00e1.<\/p>\n<p>S\u00fa\u010das\u0165ou balenia: spodn\u00e9 krytky z\u00e1vesu a vrchn\u00e9 krytky z\u00e1vesu<\/p>\n<p>&nbsp;<\/p>\n","protected":false},"excerpt":{"rendered":"<p>Krytky p\u00e1ntov ur\u010den\u00e9 pre kovanie GU z v\u00fdrezom na pravej strane na plastov\u00e9 okn\u00e1 . S\u00fa\u010das\u0165ou s\u00fa spodn\u00e9 krytky z\u00e1vesu a vrchn\u00e9 krytky z\u00e1vesu.<\/p>\n","protected":false},"featured_media":8569,"comment_status":"open","ping_status":"closed","template":"","meta":[],"product_cat":[68,91,212],"product_tag":[],"_links":{"self":[{"href":"https:\/\/www.brikol.sk\/hu\/wp-json\/wp\/v2\/product\/8564"}],"collection":[{"href":"https:\/\/www.brikol.sk\/hu\/wp-json\/wp\/v2\/product"}],"about":[{"href":"https:\/\/www.brikol.sk\/hu\/wp-json\/wp\/v2\/types\/product"}],"replies":[{"embeddable":true,"href":"https:\/\/www.brikol.sk\/hu\/wp-json\/wp\/v2\/comments?post=8564"}],"wp:featuredmedia":[{"embeddable":true,"href":"https:\/\/www.brikol.sk\/hu\/wp-json\/wp\/v2\/media\/8569"}],"wp:attachment":[{"href":"https:\/\/www.brikol.sk\/hu\/wp-json\/wp\/v2\/media?parent=8564"}],"wp:term":[{"taxonomy":"product_cat","embeddable":true,"href":"https:\/\/www.brikol.sk\/hu\/wp-json\/wp\/v2\/product_cat?post=8564"},{"taxonomy":"product_tag","embeddable":true,"href":"https:\/\/www.brikol.sk\/hu\/wp-json\/wp\/v2\/product_tag?post=8564"}],"curies":[{"name":"wp","href":"https:\/\/api.w.org\/{rel}","templated":true}]}}