{"id":8619,"date":"2023-07-17T10:49:54","date_gmt":"2023-07-17T08:49:54","guid":{"rendered":"https:\/\/www.brikol.sk\/?post_type=product&#038;p=8619"},"modified":"2025-10-17T07:12:51","modified_gmt":"2025-10-17T05:12:51","slug":"zakladna-cast-pre-climax","status":"publish","type":"product","link":"https:\/\/www.brikol.sk\/hu\/produkt\/zakladna-cast-pre-climax\/","title":{"rendered":"Z\u00e1kladn\u00e1 \u010das\u0165 pre IDS \/ p\u00e1r"},"content":{"rendered":"<p>T\u00e1to z\u00e1kladn\u00e1 \u010das\u0165 je pou\u017eit\u00e9 iba u \u017eal\u00fazi\u00ed<strong> Climax &#8211; IDS.<\/strong><\/p>\n<p>Neobsahuje ozuben\u00e9 koliesko.<\/p>\n<p>Vedenie je zo str\u00e1n nasunut\u00e9 do horn\u00e9ho profilu \u017eal\u00fazie, na jednej strane ( pravej\/\u013eavej ) je veden\u00e1 retiazka.<\/p>\n<p>&nbsp;<\/p>\n","protected":false},"excerpt":{"rendered":"<p>Z\u00e1kladn\u00e1 \u010das\u0165 pre IDS toto vedenie je pou\u017eit\u00fa iba u \u017eal\u00fazi\u00ed <strong>Climax &#8211; IDS<\/strong><\/p>\n","protected":false},"featured_media":8620,"comment_status":"open","ping_status":"closed","template":"","meta":[],"product_cat":[65,87],"product_tag":[],"_links":{"self":[{"href":"https:\/\/www.brikol.sk\/hu\/wp-json\/wp\/v2\/product\/8619"}],"collection":[{"href":"https:\/\/www.brikol.sk\/hu\/wp-json\/wp\/v2\/product"}],"about":[{"href":"https:\/\/www.brikol.sk\/hu\/wp-json\/wp\/v2\/types\/product"}],"replies":[{"embeddable":true,"href":"https:\/\/www.brikol.sk\/hu\/wp-json\/wp\/v2\/comments?post=8619"}],"wp:featuredmedia":[{"embeddable":true,"href":"https:\/\/www.brikol.sk\/hu\/wp-json\/wp\/v2\/media\/8620"}],"wp:attachment":[{"href":"https:\/\/www.brikol.sk\/hu\/wp-json\/wp\/v2\/media?parent=8619"}],"wp:term":[{"taxonomy":"product_cat","embeddable":true,"href":"https:\/\/www.brikol.sk\/hu\/wp-json\/wp\/v2\/product_cat?post=8619"},{"taxonomy":"product_tag","embeddable":true,"href":"https:\/\/www.brikol.sk\/hu\/wp-json\/wp\/v2\/product_tag?post=8619"}],"curies":[{"name":"wp","href":"https:\/\/api.w.org\/{rel}","templated":true}]}}