{"id":865,"date":"2019-02-14T11:11:09","date_gmt":"2019-02-14T10:11:09","guid":{"rendered":"https:\/\/www.brikol.sk\/?post_type=product&#038;p=865"},"modified":"2026-01-08T11:22:58","modified_gmt":"2026-01-08T10:22:58","slug":"dverova-zastrc-roto-16","status":"publish","type":"product","link":"https:\/\/www.brikol.sk\/hu\/produkt\/dverova-zastrc-roto-16\/","title":{"rendered":"Dverov\u00e1 z\u00e1str\u010d ROTO 16\/150mm do dr\u00e1\u017eky 16mm \/ ks"},"content":{"rendered":"<p>Dverov\u00e1 z\u00e1str\u010d \/ r\u00edgel \/ 16\/150 mm pre plastov\u00e9,hlin\u00edkov\u00e9 a dreven\u00e9 dvere <strong>do 16 mm<\/strong> dr\u00e1\u017eky od v\u00fdrobcu ROTO. Vhodn\u00e1 na \u010dasto pou\u017e\u00edvan\u00e9 dvere .<\/p>\n<p>&nbsp;<\/p>\n","protected":false},"excerpt":{"rendered":"<p>Dverov\u00e1 z\u00e1str\u010d ROTO je ur\u010den\u00e1 na pas\u00edvne kr\u00eddlo dver\u00ed bez k\u013eu\u010dky. Ve\u013emi \u010dasto sa pou\u017e\u00edva v dreven\u00fdch dver\u00e1ch pre svoju pevnos\u0165 a vysok\u00fa \u017eivotnos\u0165.<\/p>\n<h3>Technick\u00e9 \u00fadaje :<\/h3>\n<ul>\n<li>dverov\u00e1 z\u00e1str\u010d do dr\u00e1\u017eky \u0161\u00edrky 16 mm<\/li>\n<li>d\u013a\u017eka z\u00e1str\u010de<strong> 150 mm<\/strong><\/li>\n<li>pre plastov\u00e9, hlin\u00edkov\u00e9 a dreven\u00e9 dvere<\/li>\n<li>pevn\u00e1, vhodn\u00e1 pre \u0165a\u017ek\u00e9 dvere<\/li>\n<\/ul>\n","protected":false},"featured_media":866,"comment_status":"open","ping_status":"closed","template":"","meta":[],"product_cat":[68,72],"product_tag":[],"_links":{"self":[{"href":"https:\/\/www.brikol.sk\/hu\/wp-json\/wp\/v2\/product\/865"}],"collection":[{"href":"https:\/\/www.brikol.sk\/hu\/wp-json\/wp\/v2\/product"}],"about":[{"href":"https:\/\/www.brikol.sk\/hu\/wp-json\/wp\/v2\/types\/product"}],"replies":[{"embeddable":true,"href":"https:\/\/www.brikol.sk\/hu\/wp-json\/wp\/v2\/comments?post=865"}],"wp:featuredmedia":[{"embeddable":true,"href":"https:\/\/www.brikol.sk\/hu\/wp-json\/wp\/v2\/media\/866"}],"wp:attachment":[{"href":"https:\/\/www.brikol.sk\/hu\/wp-json\/wp\/v2\/media?parent=865"}],"wp:term":[{"taxonomy":"product_cat","embeddable":true,"href":"https:\/\/www.brikol.sk\/hu\/wp-json\/wp\/v2\/product_cat?post=865"},{"taxonomy":"product_tag","embeddable":true,"href":"https:\/\/www.brikol.sk\/hu\/wp-json\/wp\/v2\/product_tag?post=865"}],"curies":[{"name":"wp","href":"https:\/\/api.w.org\/{rel}","templated":true}]}}