{"id":8708,"date":"2023-07-25T12:49:13","date_gmt":"2023-07-25T10:49:13","guid":{"rendered":"https:\/\/www.brikol.sk\/?post_type=product&#038;p=8708"},"modified":"2026-04-16T11:00:31","modified_gmt":"2026-04-16T09:00:31","slug":"koncovka-textilnej-pasky-climax-ks","status":"publish","type":"product","link":"https:\/\/www.brikol.sk\/hu\/produkt\/koncovka-textilnej-pasky-climax-ks\/","title":{"rendered":"Koncovka textilnej p\u00e1sky CLIMAX \/ ks"},"content":{"rendered":"<p>Koncovka textilnej p\u00e1sky<\/p>\n<p>Koncovka textilnej p\u00e1sky Climax sa umiest\u0148uje na spodnom profile \u017eal\u00fazie. Jej \u00falohou je zafixovanie<a href=\"https:\/\/www.brikol.sk\/produkt\/textilna-navijacia-paska-stuzka\/\"> textilnej p\u00e1sky<\/a> v spodnom profile horizont\u00e1lnej \u017eal\u00fazie.<\/p>\n<p>Fix\u00e1cia sa vykon\u00e1va pomocou kovovej z\u00e1tky ( je s\u00fa\u010das\u0165ou koncovky).<\/p>\n<p id=\"tw-target-text\" class=\"tw-data-text tw-text-large XcVN5d tw-ta\" dir=\"ltr\" data-placeholder=\"P\u0159eklad\">\n","protected":false},"excerpt":{"rendered":"<p>Koncovka textilnej p\u00e1sky Climax je umiestnen\u00e1 na spodnom profile \u017eal\u00fazie. Jej \u00falohou je zafixovanie textilnej p\u00e1sky v spodnom profile horizont\u00e1lnej \u017eal\u00fazie.<\/p>\n","protected":false},"featured_media":8720,"comment_status":"open","ping_status":"closed","template":"","meta":[],"product_cat":[65,87],"product_tag":[],"_links":{"self":[{"href":"https:\/\/www.brikol.sk\/hu\/wp-json\/wp\/v2\/product\/8708"}],"collection":[{"href":"https:\/\/www.brikol.sk\/hu\/wp-json\/wp\/v2\/product"}],"about":[{"href":"https:\/\/www.brikol.sk\/hu\/wp-json\/wp\/v2\/types\/product"}],"replies":[{"embeddable":true,"href":"https:\/\/www.brikol.sk\/hu\/wp-json\/wp\/v2\/comments?post=8708"}],"wp:featuredmedia":[{"embeddable":true,"href":"https:\/\/www.brikol.sk\/hu\/wp-json\/wp\/v2\/media\/8720"}],"wp:attachment":[{"href":"https:\/\/www.brikol.sk\/hu\/wp-json\/wp\/v2\/media?parent=8708"}],"wp:term":[{"taxonomy":"product_cat","embeddable":true,"href":"https:\/\/www.brikol.sk\/hu\/wp-json\/wp\/v2\/product_cat?post=8708"},{"taxonomy":"product_tag","embeddable":true,"href":"https:\/\/www.brikol.sk\/hu\/wp-json\/wp\/v2\/product_tag?post=8708"}],"curies":[{"name":"wp","href":"https:\/\/api.w.org\/{rel}","templated":true}]}}