{"id":8766,"date":"2023-08-01T09:23:29","date_gmt":"2023-08-01T07:23:29","guid":{"rendered":"https:\/\/www.brikol.sk\/?post_type=product&#038;p=8766"},"modified":"2026-04-16T11:00:31","modified_gmt":"2026-04-16T09:00:31","slug":"koncovka-spodneho-profilu-climax","status":"publish","type":"product","link":"https:\/\/www.brikol.sk\/hu\/produkt\/koncovka-spodneho-profilu-climax\/","title":{"rendered":"Koncovka spodn\u00e9ho profilu Climax \/ ks"},"content":{"rendered":"<div id=\"koncovka-na-spodny-profil-pre-interierove-zaluzie-climax\">\n<p><strong>Koncovka na spodn\u00fd profil<\/strong> (li\u0161tu) pre interi\u00e9rov\u00e9 \u017eal\u00fazie Climax m\u00e1 o\u010dko,ktor\u00fdm prech\u00e1dza bo\u010dn\u00fd <strong><a href=\"https:\/\/www.brikol.sk\/produkt\/silon-zilka-zaluzie-2\/\">vodiaci sil\u00f3n<\/a><\/strong> \u017eal\u00fazie. \u00dalohou koncovka sp.profilu climax je zlep\u0161i\u0165 vedenie spodn\u00e9ho profilu pri manipul\u00e1cii so \u017eal\u00faziami aby sa zabezpe\u010dilo plynul\u00e9 s\u0165ahovanie a vy\u0165ahovanie \u017eal\u00fazie.<\/p>\n<p>O\u010dko m\u00f4\u017eeme premiest\u0148ova\u0165, sta\u010d\u00ed ho vysun\u00fa\u0165 a imiestni\u0165 so in\u00e9ho otvoru koncovky. Plastov\u00fa koncovku spodn\u00e9ho profilu mo\u017eno pou\u017ei\u0165 na pravej aj \u013eavej strane \u017eal\u00fazie.<\/p>\n<p>Farebn\u00e9 prevedenie:<\/p>\n<ul>\n<li>Biela<\/li>\n<li>\u010c\u00edra<\/li>\n<li>Svetlohned\u00e1<\/li>\n<li>Tmavohned\u00e1<\/li>\n<li>Siv\u00e1<\/li>\n<\/ul>\n<\/div>\n","protected":false},"excerpt":{"rendered":"<p><strong>Koncovka na spodn\u00fd profil<\/strong> (li\u0161tu) pre interi\u00e9rov\u00e9 \u017eal\u00fazie Climax m\u00e1 o\u010dko,ktor\u00fdm pre&#8230;<a href=\"#koncovka-na-spodny-profil-pre-interierove-zaluzie-climax\"><span style=\"color: #0000ff;\"><strong>Viac v popise<\/strong><\/span><\/a><\/p>\n","protected":false},"featured_media":8772,"comment_status":"open","ping_status":"closed","template":"","meta":[],"product_cat":[65,87],"product_tag":[],"_links":{"self":[{"href":"https:\/\/www.brikol.sk\/hu\/wp-json\/wp\/v2\/product\/8766"}],"collection":[{"href":"https:\/\/www.brikol.sk\/hu\/wp-json\/wp\/v2\/product"}],"about":[{"href":"https:\/\/www.brikol.sk\/hu\/wp-json\/wp\/v2\/types\/product"}],"replies":[{"embeddable":true,"href":"https:\/\/www.brikol.sk\/hu\/wp-json\/wp\/v2\/comments?post=8766"}],"wp:featuredmedia":[{"embeddable":true,"href":"https:\/\/www.brikol.sk\/hu\/wp-json\/wp\/v2\/media\/8772"}],"wp:attachment":[{"href":"https:\/\/www.brikol.sk\/hu\/wp-json\/wp\/v2\/media?parent=8766"}],"wp:term":[{"taxonomy":"product_cat","embeddable":true,"href":"https:\/\/www.brikol.sk\/hu\/wp-json\/wp\/v2\/product_cat?post=8766"},{"taxonomy":"product_tag","embeddable":true,"href":"https:\/\/www.brikol.sk\/hu\/wp-json\/wp\/v2\/product_tag?post=8766"}],"curies":[{"name":"wp","href":"https:\/\/api.w.org\/{rel}","templated":true}]}}