{"id":8778,"date":"2023-08-01T10:19:25","date_gmt":"2023-08-01T08:19:25","guid":{"rendered":"https:\/\/www.brikol.sk\/?post_type=product&#038;p=8778"},"modified":"2026-03-19T16:33:37","modified_gmt":"2026-03-19T15:33:37","slug":"zatka-pre-spodny-profil-zaluzie-climax","status":"publish","type":"product","link":"https:\/\/www.brikol.sk\/hu\/produkt\/zatka-pre-spodny-profil-zaluzie-climax\/","title":{"rendered":"Z\u00e1tka spodn\u00e9ho profilu Climax"},"content":{"rendered":"<p>Z\u00e1tka pre spodn\u00fd profil \u017eal\u00fazie Climax. Z\u00e1tka sl\u00fa\u017ei na fixovanie rebr\u00ed\u010dku v spodnej \u010dasti.<\/p>\n","protected":false},"excerpt":{"rendered":"<p>Z\u00e1tka pre spodn\u00fd profil \u017eal\u00fazie Climax. Z\u00e1tka sl\u00fa\u017ei na fixovanie rebr\u00ed\u010dku v spodnej \u010dasti.<\/p>\n","protected":false},"featured_media":8785,"comment_status":"closed","ping_status":"closed","template":"","meta":[],"product_cat":[65,87],"product_tag":[],"_links":{"self":[{"href":"https:\/\/www.brikol.sk\/hu\/wp-json\/wp\/v2\/product\/8778"}],"collection":[{"href":"https:\/\/www.brikol.sk\/hu\/wp-json\/wp\/v2\/product"}],"about":[{"href":"https:\/\/www.brikol.sk\/hu\/wp-json\/wp\/v2\/types\/product"}],"replies":[{"embeddable":true,"href":"https:\/\/www.brikol.sk\/hu\/wp-json\/wp\/v2\/comments?post=8778"}],"wp:featuredmedia":[{"embeddable":true,"href":"https:\/\/www.brikol.sk\/hu\/wp-json\/wp\/v2\/media\/8785"}],"wp:attachment":[{"href":"https:\/\/www.brikol.sk\/hu\/wp-json\/wp\/v2\/media?parent=8778"}],"wp:term":[{"taxonomy":"product_cat","embeddable":true,"href":"https:\/\/www.brikol.sk\/hu\/wp-json\/wp\/v2\/product_cat?post=8778"},{"taxonomy":"product_tag","embeddable":true,"href":"https:\/\/www.brikol.sk\/hu\/wp-json\/wp\/v2\/product_tag?post=8778"}],"curies":[{"name":"wp","href":"https:\/\/api.w.org\/{rel}","templated":true}]}}