{"id":8789,"date":"2023-08-01T10:32:16","date_gmt":"2023-08-01T08:32:16","guid":{"rendered":"https:\/\/www.brikol.sk\/?post_type=product&#038;p=8789"},"modified":"2025-12-09T13:08:27","modified_gmt":"2025-12-09T12:08:27","slug":"vedenie-silonu-pre-climax","status":"publish","type":"product","link":"https:\/\/www.brikol.sk\/hu\/produkt\/vedenie-silonu-pre-climax\/","title":{"rendered":"Vedenie sil\u00f3nu pre Climax \/ ks"},"content":{"rendered":"<p>Vedenie sil\u00f3nu pre vrchn\u00fd nosn\u00edk Climax.<\/p>\n<p>Vedenie umiestnen\u00e9 vo vrchnom nosn\u00edku horizont\u00e1lnej \u017eal\u00fazie. Chr\u00e1ni sil\u00f3n pred oderom o kovov\u00fa \u010das\u0165 nosn\u00edka.<\/p>\n","protected":false},"excerpt":{"rendered":"<p>Vedenie sil\u00f3nu pre vrchn\u00fd nosn\u00edk Climax.<\/p>\n<p>Vedenie je umiestnen\u00e9 vo vrchnom nosn\u00edku horizont\u00e1lnej \u017eal\u00fazie. Chr\u00e1ni sil\u00f3n pred oderom o kovov\u00fa \u010das\u0165 nosn\u00edka.<\/p>\n<p>&nbsp;<\/p>\n","protected":false},"featured_media":8790,"comment_status":"open","ping_status":"closed","template":"","meta":[],"product_cat":[65,87],"product_tag":[],"_links":{"self":[{"href":"https:\/\/www.brikol.sk\/hu\/wp-json\/wp\/v2\/product\/8789"}],"collection":[{"href":"https:\/\/www.brikol.sk\/hu\/wp-json\/wp\/v2\/product"}],"about":[{"href":"https:\/\/www.brikol.sk\/hu\/wp-json\/wp\/v2\/types\/product"}],"replies":[{"embeddable":true,"href":"https:\/\/www.brikol.sk\/hu\/wp-json\/wp\/v2\/comments?post=8789"}],"wp:featuredmedia":[{"embeddable":true,"href":"https:\/\/www.brikol.sk\/hu\/wp-json\/wp\/v2\/media\/8790"}],"wp:attachment":[{"href":"https:\/\/www.brikol.sk\/hu\/wp-json\/wp\/v2\/media?parent=8789"}],"wp:term":[{"taxonomy":"product_cat","embeddable":true,"href":"https:\/\/www.brikol.sk\/hu\/wp-json\/wp\/v2\/product_cat?post=8789"},{"taxonomy":"product_tag","embeddable":true,"href":"https:\/\/www.brikol.sk\/hu\/wp-json\/wp\/v2\/product_tag?post=8789"}],"curies":[{"name":"wp","href":"https:\/\/api.w.org\/{rel}","templated":true}]}}