{"id":8822,"date":"2023-08-08T09:34:38","date_gmt":"2023-08-08T07:34:38","guid":{"rendered":"https:\/\/www.brikol.sk\/?post_type=product&#038;p=8822"},"modified":"2025-12-13T21:04:46","modified_gmt":"2025-12-13T20:04:46","slug":"bocna-krytka-horizonatnej-zaluzie-climax-smart-par","status":"publish","type":"product","link":"https:\/\/www.brikol.sk\/hu\/produkt\/bocna-krytka-horizonatnej-zaluzie-climax-smart-par\/","title":{"rendered":"Bo\u010dn\u00e1 krytka horizon\u00e1tnej \u017eal\u00fazie Climax Smart \/ p\u00e1r"},"content":{"rendered":"<p>Bo\u010dn\u00e1 krytka horizont\u00e1lnej \u017eal\u00fazie ur\u010den\u00e1 pre \u017eal\u00fazie od v\u00fdrobcu Climax &#8211; Smart.<\/p>\n","protected":false},"excerpt":{"rendered":"<p>Bo\u010dn\u00e1 krytka horizont\u00e1lnej \u017eal\u00fazie ur\u010den\u00e1 pre \u017eal\u00fazie od v\u00fdrobcu Climax &#8211; Smart.<\/p>\n","protected":false},"featured_media":21249,"comment_status":"open","ping_status":"closed","template":"","meta":[],"product_cat":[65,87],"product_tag":[],"_links":{"self":[{"href":"https:\/\/www.brikol.sk\/hu\/wp-json\/wp\/v2\/product\/8822"}],"collection":[{"href":"https:\/\/www.brikol.sk\/hu\/wp-json\/wp\/v2\/product"}],"about":[{"href":"https:\/\/www.brikol.sk\/hu\/wp-json\/wp\/v2\/types\/product"}],"replies":[{"embeddable":true,"href":"https:\/\/www.brikol.sk\/hu\/wp-json\/wp\/v2\/comments?post=8822"}],"wp:featuredmedia":[{"embeddable":true,"href":"https:\/\/www.brikol.sk\/hu\/wp-json\/wp\/v2\/media\/21249"}],"wp:attachment":[{"href":"https:\/\/www.brikol.sk\/hu\/wp-json\/wp\/v2\/media?parent=8822"}],"wp:term":[{"taxonomy":"product_cat","embeddable":true,"href":"https:\/\/www.brikol.sk\/hu\/wp-json\/wp\/v2\/product_cat?post=8822"},{"taxonomy":"product_tag","embeddable":true,"href":"https:\/\/www.brikol.sk\/hu\/wp-json\/wp\/v2\/product_tag?post=8822"}],"curies":[{"name":"wp","href":"https:\/\/api.w.org\/{rel}","templated":true}]}}