{"id":8867,"date":"2023-08-09T09:43:12","date_gmt":"2023-08-09T07:43:12","guid":{"rendered":"https:\/\/www.brikol.sk\/?post_type=product&#038;p=8867"},"modified":"2026-04-20T16:16:35","modified_gmt":"2026-04-20T14:16:35","slug":"zaistovacia-guma-na-uchytenie-sietoviny-do-ramu-sietky-proti-hmyzu","status":"publish","type":"product","link":"https:\/\/www.brikol.sk\/hu\/produkt\/zaistovacia-guma-na-uchytenie-sietoviny-do-ramu-sietky-proti-hmyzu\/","title":{"rendered":"Zais\u0165ovacia guma transparentn\u00e1"},"content":{"rendered":"<p>Zais\u0165ovacia guma s priemerom 4 mm alebo 5,75mm sl\u00fa\u017ei na uchytenie a napnutie sie\u0165oviny do r\u00e1mu sie\u0165ky proti hmyzu TRANSPARENTN\u00c1<\/p>\n","protected":false},"excerpt":{"rendered":"<p>Zais\u0165ovacia guma sl\u00fa\u017ei na uchytenie a napnutie sie\u0165oviny do r\u00e1mu sie\u0165ky proti hmyzu TRANSPARENTN\u00c1<\/p>\n","protected":false},"featured_media":8868,"comment_status":"open","ping_status":"closed","template":"","meta":[],"product_cat":[83,100],"product_tag":[],"_links":{"self":[{"href":"https:\/\/www.brikol.sk\/hu\/wp-json\/wp\/v2\/product\/8867"}],"collection":[{"href":"https:\/\/www.brikol.sk\/hu\/wp-json\/wp\/v2\/product"}],"about":[{"href":"https:\/\/www.brikol.sk\/hu\/wp-json\/wp\/v2\/types\/product"}],"replies":[{"embeddable":true,"href":"https:\/\/www.brikol.sk\/hu\/wp-json\/wp\/v2\/comments?post=8867"}],"wp:featuredmedia":[{"embeddable":true,"href":"https:\/\/www.brikol.sk\/hu\/wp-json\/wp\/v2\/media\/8868"}],"wp:attachment":[{"href":"https:\/\/www.brikol.sk\/hu\/wp-json\/wp\/v2\/media?parent=8867"}],"wp:term":[{"taxonomy":"product_cat","embeddable":true,"href":"https:\/\/www.brikol.sk\/hu\/wp-json\/wp\/v2\/product_cat?post=8867"},{"taxonomy":"product_tag","embeddable":true,"href":"https:\/\/www.brikol.sk\/hu\/wp-json\/wp\/v2\/product_tag?post=8867"}],"curies":[{"name":"wp","href":"https:\/\/api.w.org\/{rel}","templated":true}]}}