{"id":8914,"date":"2023-08-21T14:43:23","date_gmt":"2023-08-21T12:43:23","guid":{"rendered":"https:\/\/www.brikol.sk\/?post_type=product&#038;p=8914"},"modified":"2026-01-08T08:37:58","modified_gmt":"2026-01-08T07:37:58","slug":"krytka-odvodnovacej-drazky-obla","status":"publish","type":"product","link":"https:\/\/www.brikol.sk\/hu\/produkt\/krytka-odvodnovacej-drazky-obla\/","title":{"rendered":"Krytka odvod\u0148ovacej dr\u00e1\u017eky obl\u00e1"},"content":{"rendered":"<p>Krytka odvod\u0148ovacej dr\u00e1\u017eky pre plastov\u00e9 okn\u00e1. Krytka odvod\u0148ovacej dr\u00e1\u017eky sl\u00fa\u017ei na prekrytie vonkaj\u0161ieho podlhovast\u00e9ho otvoru na spodku okna. V z\u00e1vislosti od v\u00fdrobnej \u0161ar\u017ee m\u00f4\u017ee by\u0165 krytka s dvomi \u00fachytmy alebo tromi \u00fachytmy do dr\u00e1\u017eky.<\/p>\n<p>&nbsp;<\/p>\n","protected":false},"excerpt":{"rendered":"<p>Krytka odvod\u0148ovacej dr\u00e1\u017eky sl\u00fa\u017ei na prekrytie odvod\u0148ovacieho otvoru na plastov\u00fdch okn\u00e1ch. Krytk\u00e1 m\u00e1 obl\u00fd dizajn.<\/p>\n","protected":false},"featured_media":8926,"comment_status":"open","ping_status":"closed","template":"","meta":[],"product_cat":[68,212],"product_tag":[],"_links":{"self":[{"href":"https:\/\/www.brikol.sk\/hu\/wp-json\/wp\/v2\/product\/8914"}],"collection":[{"href":"https:\/\/www.brikol.sk\/hu\/wp-json\/wp\/v2\/product"}],"about":[{"href":"https:\/\/www.brikol.sk\/hu\/wp-json\/wp\/v2\/types\/product"}],"replies":[{"embeddable":true,"href":"https:\/\/www.brikol.sk\/hu\/wp-json\/wp\/v2\/comments?post=8914"}],"wp:featuredmedia":[{"embeddable":true,"href":"https:\/\/www.brikol.sk\/hu\/wp-json\/wp\/v2\/media\/8926"}],"wp:attachment":[{"href":"https:\/\/www.brikol.sk\/hu\/wp-json\/wp\/v2\/media?parent=8914"}],"wp:term":[{"taxonomy":"product_cat","embeddable":true,"href":"https:\/\/www.brikol.sk\/hu\/wp-json\/wp\/v2\/product_cat?post=8914"},{"taxonomy":"product_tag","embeddable":true,"href":"https:\/\/www.brikol.sk\/hu\/wp-json\/wp\/v2\/product_tag?post=8914"}],"curies":[{"name":"wp","href":"https:\/\/api.w.org\/{rel}","templated":true}]}}