{"id":9008,"date":"2023-09-06T11:08:53","date_gmt":"2023-09-06T09:08:53","guid":{"rendered":"https:\/\/www.brikol.sk\/?post_type=product&#038;p=9008"},"modified":"2026-03-10T14:01:03","modified_gmt":"2026-03-10T13:01:03","slug":"balkonova-klucka-psk","status":"publish","type":"product","link":"https:\/\/www.brikol.sk\/hu\/produkt\/balkonova-klucka-psk\/","title":{"rendered":"Balk\u00f3nov\u00e1 k\u013eu\u010dka PSK"},"content":{"rendered":"<section class=\"Section-idm7428562688680579635647 Data type-3\">\n<div class=\"content_section position-0\">\n<article id=\"Article_idm746344613823497575215-5\">\n<div class=\"Article notab_br decoration-none\">\n<ul class=\"article_indents type-disc\">\n<li class=\"article_indent align-left\">Rukov\u00e4\u0165 vyroben\u00e1 z\u00a0hlin\u00edka<\/li>\n<li class=\"article_indent align-left\">\u010cas\u0165 tela a\u00a0kryt vyroben\u00e9 z\u00a0kovu<\/li>\n<li class=\"article_indent align-left\">Dve \u0161tandardn\u00e9 verzie: 45 a\u00a090 stup\u0148ov\u00e9 polohovanie rukov\u00e4te<\/li>\n<li class=\"article_indent align-left\">Upev\u0148ovacie skrutky dod\u00e1van\u00e9 s produktom<\/li>\n<\/ul>\n<\/div>\n<\/article>\n<\/div>\n<\/section>\n<p><span style=\"color: #ff0000;\"><strong>N\u00e1vod na v\u00fdmenu k\u013eu\u010dky<\/strong><\/span><\/p>\n<p><a href=\"https:\/\/www.brikol.sk\/wp-content\/uploads\/2023\/03\/Vymena-okennej-klucky.pdf\">V\u00fdmena okennej k\u013eu\u010dky<\/a><\/p>\n","protected":false},"excerpt":{"rendered":"<p>Balk\u00f3nov\u00e1 pred\u013e\u017een\u00e1 k\u013eu\u010dka. Rukov\u00e4\u0165 vyroben\u00e1 z hlin\u00edka. \u010cas\u0165 tela a kryt vyroben\u00e9 z kovu.<\/p>\n<p>Upev\u0148ovacie skrutky dod\u00e1van\u00e9 s produkt<\/p>\n<p>&nbsp;<\/p>\n","protected":false},"featured_media":9014,"comment_status":"open","ping_status":"closed","template":"","meta":[],"product_cat":[213],"product_tag":[],"_links":{"self":[{"href":"https:\/\/www.brikol.sk\/hu\/wp-json\/wp\/v2\/product\/9008"}],"collection":[{"href":"https:\/\/www.brikol.sk\/hu\/wp-json\/wp\/v2\/product"}],"about":[{"href":"https:\/\/www.brikol.sk\/hu\/wp-json\/wp\/v2\/types\/product"}],"replies":[{"embeddable":true,"href":"https:\/\/www.brikol.sk\/hu\/wp-json\/wp\/v2\/comments?post=9008"}],"wp:featuredmedia":[{"embeddable":true,"href":"https:\/\/www.brikol.sk\/hu\/wp-json\/wp\/v2\/media\/9014"}],"wp:attachment":[{"href":"https:\/\/www.brikol.sk\/hu\/wp-json\/wp\/v2\/media?parent=9008"}],"wp:term":[{"taxonomy":"product_cat","embeddable":true,"href":"https:\/\/www.brikol.sk\/hu\/wp-json\/wp\/v2\/product_cat?post=9008"},{"taxonomy":"product_tag","embeddable":true,"href":"https:\/\/www.brikol.sk\/hu\/wp-json\/wp\/v2\/product_tag?post=9008"}],"curies":[{"name":"wp","href":"https:\/\/api.w.org\/{rel}","templated":true}]}}