{"id":9021,"date":"2023-09-06T12:35:37","date_gmt":"2023-09-06T10:35:37","guid":{"rendered":"https:\/\/www.brikol.sk\/?post_type=product&#038;p=9021"},"modified":"2026-01-07T14:31:35","modified_gmt":"2026-01-07T13:31:35","slug":"klucka-dublin","status":"publish","type":"product","link":"https:\/\/www.brikol.sk\/hu\/produkt\/klucka-dublin\/","title":{"rendered":"K\u013eu\u010dka Dublin"},"content":{"rendered":"<section class=\"Section-idm7428562688680579635647 Data type-3\">\n<div class=\"content_section position-0\">\n<article id=\"Article_idm746344613823497575215-5\">\n<div class=\"Article notab_br decoration-none\">\n<section class=\"Section-idm776875456355471448937 Data type-3\">\n<div class=\"content_section position-0\">\n<article id=\"Article_idm7802110029911158428258-7\">\n<div class=\"Article notab_br decoration-none\">\n<ul class=\"article_indents type-disc\">\n<li class=\"article_indent align-left\">Rukov\u00e4\u0165 vyroben\u00e1 z\u00a0hlin\u00edka<\/li>\n<li class=\"article_indent align-left\">D\u013a\u017eky vretena &#8211; 35 mm<\/li>\n<li class=\"article_indent align-left\">Dostupn\u00e9 vo verzi\u00e1ch: 45 polohovanie rukov\u00e4te<\/li>\n<li class=\"article_indent align-left\">Mont\u00e1\u017ene skrutky dod\u00e1van\u00e9 s\u00a0produktom<\/li>\n<\/ul>\n<\/div>\n<\/article>\n<\/div>\n<\/section>\n<\/div>\n<\/article>\n<\/div>\n<\/section>\n<p><span style=\"color: #ff0000;\"><strong>N\u00e1vod na v\u00fdmenu k\u013eu\u010dky<\/strong><\/span><\/p>\n<p><a href=\"https:\/\/www.brikol.sk\/wp-content\/uploads\/2023\/03\/Vymena-okennej-klucky.pdf\">V\u00fdmena okennej k\u013eu\u010dky<\/a><\/p>\n","protected":false},"excerpt":{"rendered":"<p>Rukov\u00e4\u0165 vyroben\u00e1 z hlin\u00edka. D\u013a\u017eky vretena &#8211; 35 mm. Dostupn\u00e9 vo verzi\u00e1ch: 45 polohovanie rukov\u00e4te<\/p>\n<p>Mont\u00e1\u017ene skrutky dod\u00e1van\u00e9 s\u00a0produktom<\/p>\n<p>&nbsp;<\/p>\n<p>&nbsp;<\/p>\n","protected":false},"featured_media":9178,"comment_status":"open","ping_status":"closed","template":"","meta":[],"product_cat":[213],"product_tag":[],"_links":{"self":[{"href":"https:\/\/www.brikol.sk\/hu\/wp-json\/wp\/v2\/product\/9021"}],"collection":[{"href":"https:\/\/www.brikol.sk\/hu\/wp-json\/wp\/v2\/product"}],"about":[{"href":"https:\/\/www.brikol.sk\/hu\/wp-json\/wp\/v2\/types\/product"}],"replies":[{"embeddable":true,"href":"https:\/\/www.brikol.sk\/hu\/wp-json\/wp\/v2\/comments?post=9021"}],"wp:featuredmedia":[{"embeddable":true,"href":"https:\/\/www.brikol.sk\/hu\/wp-json\/wp\/v2\/media\/9178"}],"wp:attachment":[{"href":"https:\/\/www.brikol.sk\/hu\/wp-json\/wp\/v2\/media?parent=9021"}],"wp:term":[{"taxonomy":"product_cat","embeddable":true,"href":"https:\/\/www.brikol.sk\/hu\/wp-json\/wp\/v2\/product_cat?post=9021"},{"taxonomy":"product_tag","embeddable":true,"href":"https:\/\/www.brikol.sk\/hu\/wp-json\/wp\/v2\/product_tag?post=9021"}],"curies":[{"name":"wp","href":"https:\/\/api.w.org\/{rel}","templated":true}]}}