{"id":9031,"date":"2023-09-06T12:52:12","date_gmt":"2023-09-06T10:52:12","guid":{"rendered":"https:\/\/www.brikol.sk\/?post_type=product&#038;p=9031"},"modified":"2026-01-08T08:13:34","modified_gmt":"2026-01-08T07:13:34","slug":"okenna-klucka-dublin-s-klucom","status":"publish","type":"product","link":"https:\/\/www.brikol.sk\/hu\/produkt\/okenna-klucka-dublin-s-klucom\/","title":{"rendered":"Okenn\u00e1 k\u013eu\u010dka Dublin s k\u013e\u00fa\u010dom"},"content":{"rendered":"<div id=\"uzamykatelna-klucka-dublin\">\n<section class=\"Section-idm7428562688680579635647 Data type-3\">\n<div class=\"content_section position-0\">\n<article id=\"Article_idm746344613823497575215-5\">\n<div class=\"Article notab_br decoration-none\">\n<section class=\"Section-idm776875456355471448937 Data type-3\">\n<div class=\"content_section position-0\">\n<article id=\"Article_idm7802110029911158428258-7\">\n<div class=\"Article notab_br decoration-none\">\n<p>Uzamykate\u013en\u00e1 k\u013eu\u010dka Dublin je vhodn\u00fdm rie\u0161en\u00edm ku mal\u00fdm de\u0165om a pri starostlivosti o star\u0161\u00edch \u013eud\u00ed. <strong>Pred\u00ed\u010fte nebezpe\u010dn\u00fdm \u00farazom a zv\u00fd\u0161te bezpe\u010dnos\u0165 vo svojej dom\u00e1cnosti <\/strong>prostredn\u00edctvom <strong>bezpe\u010dnostnej k\u013eu\u010dky na okn\u00e1 so z\u00e1mkom. <\/strong>Okno viete uzamkn\u00fa\u0165 v zatvorenej alebo sklopenej polohe a va\u0161e die\u0165a nevypadne cez okno.<\/p>\n<p><strong>Sl\u00fa\u017ei ako najbezpe\u010dnej\u0161ia detsk\u00e1 poistka.<\/strong> Vyu\u017eijete ich tie\u017e ako poistku proti nechcen\u00e9mu otvoreniu okna alebo balk\u00f3nov\u00fdch dver\u00ed na chodb\u00e1ch, tie\u017e napr\u00edklad v\u00a0\u0161kol\u00e1ch, \u0161k\u00f4lkach, klinik\u00e1ch, domovoch d\u00f4chodcov.<\/p>\n<p>Od teraz sa nemus\u00edte b\u00e1\u0165, \u017ee die\u0165a vo va\u0161ej nepr\u00edtomnosti otvor\u00ed okn\u00e1 alebo balk\u00f3nov\u00e9 dvere a d\u00f4jde k\u00a0\u0161karedej nehode. <strong>Po zavret\u00ed okna sta\u010d\u00ed stla\u010di\u0165 poistku a\u00a0okno bude bezpe\u010dne uzatvoren\u00e9.<\/strong> Na op\u00e4tovn\u00e9 otvorenie mus\u00edte pou\u017ei\u0165 k\u013e\u00fa\u010d.<\/p>\n<ul class=\"article_indents type-disc\">\n<li class=\"article_indent align-left\">Rukov\u00e4\u0165 vyroben\u00e1 z\u00a0hlin\u00edka<\/li>\n<li class=\"article_indent align-left\">D\u013a\u017eky vretena &#8211; 35 mm<\/li>\n<li class=\"article_indent align-left\">Dostupn\u00e9 vo verzi\u00e1ch: 45 polohovanie rukov\u00e4te<\/li>\n<li class=\"article_indent align-left\">Mont\u00e1\u017ene skrutky dod\u00e1van\u00e9 s\u00a0produktom<\/li>\n<\/ul>\n<\/div>\n<\/article>\n<\/div>\n<\/section>\n<\/div>\n<\/article>\n<\/div>\n<\/section>\n<p><span style=\"color: #ff0000;\"><strong>N\u00e1vod na v\u00fdmenu k\u013eu\u010dky<\/strong><\/span><\/p>\n<p><a href=\"https:\/\/www.brikol.sk\/wp-content\/uploads\/2023\/03\/Vymena-okennej-klucky.pdf\">V\u00fdmena okennej k\u013eu\u010dky<\/a><\/p>\n<\/div>\n","protected":false},"excerpt":{"rendered":"<p>Uzamykate\u013en\u00e1 k\u013eu\u010dka Dublin je vhodn\u00fdm rie\u0161en\u00edm ku mal\u00fdm de\u0165om a pri starostlivosti o star\u0161\u00edch \u013eud\u00ed. <strong>Pred\u00ed\u010fte nebezpe\u010dn\u00fdm \u00farazom a zv\u00fd\u0161te bezpe\u010dnos\u0165 vo svojej dom\u00e1cnosti <\/strong>prostredn\u00edctvom <strong>bezpe\u010dnostnej k\u013eu\u010dky na okn\u00e1 so z\u00e1mkom&#8230;<a href=\"#uzamykatelna-klucka-dublin\"><span style=\"color: #0000ff;\">Viac v popise<\/span><\/a><\/strong><\/p>\n<p>&nbsp;<\/p>\n<p>&nbsp;<\/p>\n<p>&nbsp;<\/p>\n","protected":false},"featured_media":9174,"comment_status":"open","ping_status":"closed","template":"","meta":[],"product_cat":[95,213],"product_tag":[],"_links":{"self":[{"href":"https:\/\/www.brikol.sk\/hu\/wp-json\/wp\/v2\/product\/9031"}],"collection":[{"href":"https:\/\/www.brikol.sk\/hu\/wp-json\/wp\/v2\/product"}],"about":[{"href":"https:\/\/www.brikol.sk\/hu\/wp-json\/wp\/v2\/types\/product"}],"replies":[{"embeddable":true,"href":"https:\/\/www.brikol.sk\/hu\/wp-json\/wp\/v2\/comments?post=9031"}],"wp:featuredmedia":[{"embeddable":true,"href":"https:\/\/www.brikol.sk\/hu\/wp-json\/wp\/v2\/media\/9174"}],"wp:attachment":[{"href":"https:\/\/www.brikol.sk\/hu\/wp-json\/wp\/v2\/media?parent=9031"}],"wp:term":[{"taxonomy":"product_cat","embeddable":true,"href":"https:\/\/www.brikol.sk\/hu\/wp-json\/wp\/v2\/product_cat?post=9031"},{"taxonomy":"product_tag","embeddable":true,"href":"https:\/\/www.brikol.sk\/hu\/wp-json\/wp\/v2\/product_tag?post=9031"}],"curies":[{"name":"wp","href":"https:\/\/api.w.org\/{rel}","templated":true}]}}