{"id":9052,"date":"2023-09-07T10:57:50","date_gmt":"2023-09-07T08:57:50","guid":{"rendered":"https:\/\/www.brikol.sk\/?post_type=product&#038;p=9052"},"modified":"2026-02-23T08:22:41","modified_gmt":"2026-02-23T07:22:41","slug":"konzola-uchytenia-fixacneho-lanka","status":"publish","type":"product","link":"https:\/\/www.brikol.sk\/hu\/produkt\/konzola-uchytenia-fixacneho-lanka\/","title":{"rendered":"Konzola uchytenia fixa\u010dn\u00e9ho lanka"},"content":{"rendered":"<p>Plastov\u00e1 konzola sl\u00fa\u017eiaca na uchytenie fixa\u010dn\u00e9ho lanka. <a href=\"https:\/\/www.brikol.sk\/produkt\/kolik-pre-vodiaci-silon\/\">Kol\u00edk<\/a> pre vodiaci sil\u00f3n nie je s\u00fa\u010das\u0165ou balenia.<\/p>\n","protected":false},"excerpt":{"rendered":"<p>Plastov\u00e1 konzola sl\u00fa\u017eiaca na uchytenie fixa\u010dn\u00e9ho lanka.<\/p>\n","protected":false},"featured_media":9492,"comment_status":"open","ping_status":"closed","template":"","meta":[],"product_cat":[65,88,96],"product_tag":[],"_links":{"self":[{"href":"https:\/\/www.brikol.sk\/hu\/wp-json\/wp\/v2\/product\/9052"}],"collection":[{"href":"https:\/\/www.brikol.sk\/hu\/wp-json\/wp\/v2\/product"}],"about":[{"href":"https:\/\/www.brikol.sk\/hu\/wp-json\/wp\/v2\/types\/product"}],"replies":[{"embeddable":true,"href":"https:\/\/www.brikol.sk\/hu\/wp-json\/wp\/v2\/comments?post=9052"}],"wp:featuredmedia":[{"embeddable":true,"href":"https:\/\/www.brikol.sk\/hu\/wp-json\/wp\/v2\/media\/9492"}],"wp:attachment":[{"href":"https:\/\/www.brikol.sk\/hu\/wp-json\/wp\/v2\/media?parent=9052"}],"wp:term":[{"taxonomy":"product_cat","embeddable":true,"href":"https:\/\/www.brikol.sk\/hu\/wp-json\/wp\/v2\/product_cat?post=9052"},{"taxonomy":"product_tag","embeddable":true,"href":"https:\/\/www.brikol.sk\/hu\/wp-json\/wp\/v2\/product_tag?post=9052"}],"curies":[{"name":"wp","href":"https:\/\/api.w.org\/{rel}","templated":true}]}}