{"id":9060,"date":"2023-09-07T14:06:17","date_gmt":"2023-09-07T12:06:17","guid":{"rendered":"https:\/\/www.brikol.sk\/?post_type=product&#038;p=9060"},"modified":"2026-03-24T12:41:22","modified_gmt":"2026-03-24T11:41:22","slug":"fixacny-uholnik-otvoreny","status":"publish","type":"product","link":"https:\/\/www.brikol.sk\/hu\/produkt\/fixacny-uholnik-otvoreny\/","title":{"rendered":"Fixa\u010dn\u00fd uholn\u00edk &#8211; otvoren\u00fd"},"content":{"rendered":"<p>Fixa\u010dn\u00fd uholn\u00edk &#8211; otvoren\u00fd sa vyu\u017e\u00edva k zafixovaniu vodiaceho sil\u00f3nu pri interierov\u00fdch \u017eal\u00fazi\u00e1ch alebo \u017eal\u00fazie in\u0161talovanej do \u0161paletov\u00e9ho okna.<\/p>\n<p>Uholn\u00edk sa pri\u0161roubuje do dolnej \u010dasti okna v\u013eavo alebo v pravo a pomocou \u010derv\u00edka sa sil\u00f3n zafixuje do lamely.<\/p>\n<p><a href=\"https:\/\/www.brikol.sk\/produkt\/kolik-pre-vodiaci-silon\/\">Kol\u00edk<\/a> pre vodiaci sil\u00f3n nie je s\u00fa\u010das\u0165ou balenia.<\/p>\n","protected":false},"excerpt":{"rendered":"<p>Fixa\u010dn\u00fd uholn\u00edk &#8211; otvoren\u00fd sa vyu\u017e\u00edva k zafixovaniu vodiaceho sil\u00f3nu pri interierov\u00fdch \u017eal\u00fazi\u00e1ch alebo \u017eal\u00fazie in\u0161talovanej do \u0161paletov\u00e9ho okna.<\/p>\n<p>Uholn\u00edk sa pri\u0161roubuje do dolnej \u010dasti okna v\u013eavo alebo v pravo a pomocou \u010derv\u00edka sa sil\u00f3n zafixuje do lamely.<\/p>\n","protected":false},"featured_media":9064,"comment_status":"open","ping_status":"closed","template":"","meta":[],"product_cat":[65,88,96],"product_tag":[],"_links":{"self":[{"href":"https:\/\/www.brikol.sk\/hu\/wp-json\/wp\/v2\/product\/9060"}],"collection":[{"href":"https:\/\/www.brikol.sk\/hu\/wp-json\/wp\/v2\/product"}],"about":[{"href":"https:\/\/www.brikol.sk\/hu\/wp-json\/wp\/v2\/types\/product"}],"replies":[{"embeddable":true,"href":"https:\/\/www.brikol.sk\/hu\/wp-json\/wp\/v2\/comments?post=9060"}],"wp:featuredmedia":[{"embeddable":true,"href":"https:\/\/www.brikol.sk\/hu\/wp-json\/wp\/v2\/media\/9064"}],"wp:attachment":[{"href":"https:\/\/www.brikol.sk\/hu\/wp-json\/wp\/v2\/media?parent=9060"}],"wp:term":[{"taxonomy":"product_cat","embeddable":true,"href":"https:\/\/www.brikol.sk\/hu\/wp-json\/wp\/v2\/product_cat?post=9060"},{"taxonomy":"product_tag","embeddable":true,"href":"https:\/\/www.brikol.sk\/hu\/wp-json\/wp\/v2\/product_tag?post=9060"}],"curies":[{"name":"wp","href":"https:\/\/api.w.org\/{rel}","templated":true}]}}