{"id":9068,"date":"2023-09-08T08:57:04","date_gmt":"2023-09-08T06:57:04","guid":{"rendered":"https:\/\/www.brikol.sk\/?post_type=product&#038;p=9068"},"modified":"2026-03-20T08:20:11","modified_gmt":"2026-03-20T07:20:11","slug":"fixacny-uholnik","status":"publish","type":"product","link":"https:\/\/www.brikol.sk\/hu\/produkt\/fixacny-uholnik\/","title":{"rendered":"Fixa\u010dn\u00fd uholn\u00edk"},"content":{"rendered":"<p>Fixa\u010dn\u00fd uholn\u00edk sa vyu\u017e\u00edva k zafixovaniu vodiaceho sil\u00f3nu pri interierov\u00fdch \u017eal\u00fazi\u00e1ch alebo \u017eal\u00fazie in\u0161talovanej do \u0161paletov\u00e9ho okna.<a href=\"https:\/\/www.brikol.sk\/produkt\/kolik-pre-vodiaci-silon\/\"> Kol\u00edk<\/a> pre vodiaci sil\u00f3n nie je s\u00fa\u010das\u0165ou balenia.<\/p>\n<p>&nbsp;<\/p>\n","protected":false},"excerpt":{"rendered":"<p>Fixa\u010dn\u00fd uholn\u00edk sa vyu\u017e\u00edva k zafixovaniu vodiaceho sil\u00f3nu pri interierov\u00fdch \u017eal\u00fazi\u00e1ch alebo \u017eal\u00fazie in\u0161talovanej do \u0161paletov\u00e9ho okna.<\/p>\n","protected":false},"featured_media":9069,"comment_status":"open","ping_status":"closed","template":"","meta":[],"product_cat":[65,88,96],"product_tag":[],"_links":{"self":[{"href":"https:\/\/www.brikol.sk\/hu\/wp-json\/wp\/v2\/product\/9068"}],"collection":[{"href":"https:\/\/www.brikol.sk\/hu\/wp-json\/wp\/v2\/product"}],"about":[{"href":"https:\/\/www.brikol.sk\/hu\/wp-json\/wp\/v2\/types\/product"}],"replies":[{"embeddable":true,"href":"https:\/\/www.brikol.sk\/hu\/wp-json\/wp\/v2\/comments?post=9068"}],"wp:featuredmedia":[{"embeddable":true,"href":"https:\/\/www.brikol.sk\/hu\/wp-json\/wp\/v2\/media\/9069"}],"wp:attachment":[{"href":"https:\/\/www.brikol.sk\/hu\/wp-json\/wp\/v2\/media?parent=9068"}],"wp:term":[{"taxonomy":"product_cat","embeddable":true,"href":"https:\/\/www.brikol.sk\/hu\/wp-json\/wp\/v2\/product_cat?post=9068"},{"taxonomy":"product_tag","embeddable":true,"href":"https:\/\/www.brikol.sk\/hu\/wp-json\/wp\/v2\/product_tag?post=9068"}],"curies":[{"name":"wp","href":"https:\/\/api.w.org\/{rel}","templated":true}]}}