{"id":9075,"date":"2023-09-08T09:32:38","date_gmt":"2023-09-08T07:32:38","guid":{"rendered":"https:\/\/www.brikol.sk\/?post_type=product&#038;p=9075"},"modified":"2026-03-10T11:02:05","modified_gmt":"2026-03-10T10:02:05","slug":"distancna-podlozka-isotra","status":"publish","type":"product","link":"https:\/\/www.brikol.sk\/hu\/produkt\/distancna-podlozka-isotra\/","title":{"rendered":"Distan\u010dn\u00e1 podlo\u017eka pod \u017eal\u00fazie ISOTRA \/ p\u00e1r"},"content":{"rendered":"<p><strong>Biela distan\u010dna podlo\u017eka ISOTRA<\/strong><\/p>\n<p>Podlo\u017eka sl\u00fa\u017ei pre okn\u00e1 s \u00fazkou zasklievacou li\u0161tou. Zaklad\u00e1 sa z kraja \u017eal\u00fazie na jednej aj druhej strane medzi okno a \u017eal\u00faziu. \u00dalohou podlo\u017eky je oddiali\u0165 \u017eal\u00faziu od okna tak, aby sa lameli \u017eal\u00fazie mohli bez probl\u00e9mov a \u0161\u00fachania o sklo ot\u00e1\u010da\u0165 a manipulova\u0165.<\/p>\n<p>Kompatibiln\u00e9 zo<a href=\"https:\/\/www.brikol.sk\/produkt\/zakladna-cast-isotra\/\"> z\u00e1kladnou \u010dastou ISOTRA<\/a><\/p>\n<p>Podlo\u017eky pred\u00e1vame v p\u00e1re<\/p>\n<p>&nbsp;<\/p>\n","protected":false},"excerpt":{"rendered":"<p>Biela distan\u010dn\u00e1 podlo\u017eka pre \u017eal\u00fazie ISOTRA. Podlo\u017eka sl\u00fa\u017ei pre okn\u00e1 s \u00fazkou zasklievacou li\u0161tou aby bolo mo\u017en\u00e9 ot\u00e1\u010da\u0165 lamely \u017eal\u00fazie a aby sa zabezpe\u010dila ich funk\u010dnos\u0165.<\/p>\n","protected":false},"featured_media":9076,"comment_status":"open","ping_status":"closed","template":"","meta":[],"product_cat":[65,84],"product_tag":[],"_links":{"self":[{"href":"https:\/\/www.brikol.sk\/hu\/wp-json\/wp\/v2\/product\/9075"}],"collection":[{"href":"https:\/\/www.brikol.sk\/hu\/wp-json\/wp\/v2\/product"}],"about":[{"href":"https:\/\/www.brikol.sk\/hu\/wp-json\/wp\/v2\/types\/product"}],"replies":[{"embeddable":true,"href":"https:\/\/www.brikol.sk\/hu\/wp-json\/wp\/v2\/comments?post=9075"}],"wp:featuredmedia":[{"embeddable":true,"href":"https:\/\/www.brikol.sk\/hu\/wp-json\/wp\/v2\/media\/9076"}],"wp:attachment":[{"href":"https:\/\/www.brikol.sk\/hu\/wp-json\/wp\/v2\/media?parent=9075"}],"wp:term":[{"taxonomy":"product_cat","embeddable":true,"href":"https:\/\/www.brikol.sk\/hu\/wp-json\/wp\/v2\/product_cat?post=9075"},{"taxonomy":"product_tag","embeddable":true,"href":"https:\/\/www.brikol.sk\/hu\/wp-json\/wp\/v2\/product_tag?post=9075"}],"curies":[{"name":"wp","href":"https:\/\/api.w.org\/{rel}","templated":true}]}}