{"id":927,"date":"2019-03-27T14:51:05","date_gmt":"2019-03-27T13:51:05","guid":{"rendered":"https:\/\/www.brikol.sk\/?post_type=product&#038;p=927"},"modified":"2026-04-22T12:08:00","modified_gmt":"2026-04-22T10:08:00","slug":"brzda-gulickovej-snury-isotra","status":"publish","type":"product","link":"https:\/\/www.brikol.sk\/hu\/produkt\/brzda-gulickovej-snury-isotra\/","title":{"rendered":"Brzda guli\u010dkovej \u0161n\u00fary Isotra \/ ks"},"content":{"rendered":"<p>Brzda (dr\u017eiak) guli\u010dkovej \u0161n\u00fary ur\u010den\u00e1 pre v\u0161etky typy horizont\u00e1lnych \u017eal\u00fazi\u00ed ovl\u00e1dan\u00fdch retiazkou.<\/p>\n<p>Po nastaven\u00ed polohy \u017eal\u00fazi\u00ed sl\u00fa\u017ei na zaistenie<strong><a href=\"https:\/\/www.brikol.sk\/produkt\/gulickova-snura-retiazka-na-zaluzie-nahradne-diely-na-zaluzie\/\"> guli\u010dkovej \u0161\u0148\u00fary (retiazky)<\/a><\/strong>, ktor\u00e1 sa do brzdy zatla\u010d\u00ed a t\u00fdm dr\u017e\u00ed \u017eal\u00faziu v po\u017eadovanej v\u00fd\u0161ke.<\/p>\n<p>Pripev\u0148uje sa na kr\u00eddlo okna, pod\u013ea d\u013a\u017eky guli\u010dkovej \u0161n\u00fary dvoma mal\u00fdmi skrutkami (nie su s\u00fa\u010das\u0165 balenia). Po namontovan\u00ed sa skrutky zakryj\u00fa krytkou (s\u00fa\u010das\u0165 balenia).<\/p>\n","protected":false},"excerpt":{"rendered":"<p>Brzda (dr\u017eiak) guli\u010dkovej \u0161n\u00fary ur\u010den\u00e1 pre v\u0161etky typy horizont\u00e1lnych \u017eal\u00fazi\u00ed ovl\u00e1dan\u00fdch <strong><a href=\"https:\/\/www.brikol.sk\/produkt\/gulickova-snura-retiazka-na-zaluzie-nahradne-diely-na-zaluzie\/\">retiazkou<\/a><\/strong>.<\/p>\n","protected":false},"featured_media":9309,"comment_status":"open","ping_status":"closed","template":"","meta":[],"product_cat":[65,84,96],"product_tag":[],"_links":{"self":[{"href":"https:\/\/www.brikol.sk\/hu\/wp-json\/wp\/v2\/product\/927"}],"collection":[{"href":"https:\/\/www.brikol.sk\/hu\/wp-json\/wp\/v2\/product"}],"about":[{"href":"https:\/\/www.brikol.sk\/hu\/wp-json\/wp\/v2\/types\/product"}],"replies":[{"embeddable":true,"href":"https:\/\/www.brikol.sk\/hu\/wp-json\/wp\/v2\/comments?post=927"}],"wp:featuredmedia":[{"embeddable":true,"href":"https:\/\/www.brikol.sk\/hu\/wp-json\/wp\/v2\/media\/9309"}],"wp:attachment":[{"href":"https:\/\/www.brikol.sk\/hu\/wp-json\/wp\/v2\/media?parent=927"}],"wp:term":[{"taxonomy":"product_cat","embeddable":true,"href":"https:\/\/www.brikol.sk\/hu\/wp-json\/wp\/v2\/product_cat?post=927"},{"taxonomy":"product_tag","embeddable":true,"href":"https:\/\/www.brikol.sk\/hu\/wp-json\/wp\/v2\/product_tag?post=927"}],"curies":[{"name":"wp","href":"https:\/\/api.w.org\/{rel}","templated":true}]}}