{"id":9808,"date":"2023-12-18T13:41:57","date_gmt":"2023-12-18T12:41:57","guid":{"rendered":"https:\/\/www.brikol.sk\/?post_type=product&#038;p=9808"},"modified":"2026-04-22T17:18:53","modified_gmt":"2026-04-22T15:18:53","slug":"zasklievacia-lopatka-bohle-ks","status":"publish","type":"product","link":"https:\/\/www.brikol.sk\/hu\/produkt\/zasklievacia-lopatka-bohle-ks\/","title":{"rendered":"Zasklievacia lopatka BOHLE \/ ks"},"content":{"rendered":"<p><span class=\"Y2IQFc\" lang=\"sk\">Profi zasklievacia lopatka BOHLE v <strong>kvalitnom sprcovan\u00ed.<\/strong><\/span><\/p>\n<ul>\n<li class=\"tw-data-text tw-text-large tw-ta\" dir=\"ltr\" data-placeholder=\"P\u0159eklad\"><span class=\"Y2IQFc\" lang=\"sk\">pou\u017e\u00edvaj\u00fa mont\u00e1\u017enici okien alebo sklen\u00e1ri <\/span><\/li>\n<li class=\"tw-data-text tw-text-large tw-ta\" dir=\"ltr\" data-placeholder=\"P\u0159eklad\"><span class=\"Y2IQFc\" lang=\"sk\">sl\u00fa\u017ei <strong>na prizdvihovanie<\/strong> izola\u010dn\u00fdch skiel \/ n\u00e1kladov a n\u00e1slednom podkladan\u00ed <a href=\"https:\/\/www.brikol.sk\/produkt\/podlozka-pod-hst-portal\/\">di\u0161tan\u010dn\u00fdmi podlo\u017ekami.<\/a><\/span><\/li>\n<\/ul>\n<p><span style=\"font-size: 75%;\">Tovar je na externom sklade jeho expedovanie je do 2 &#8211; 3 pracovn\u00fdch dn\u00ed<\/span><\/p>\n","protected":false},"excerpt":{"rendered":"<p><span class=\"Y2IQFc\" lang=\"sk\">Profi zasklievacia lopatka v <strong>kvalitnom sprcovan\u00ed.<\/strong><\/span><\/p>\n<ul>\n<li class=\"tw-data-text tw-text-large tw-ta\" dir=\"ltr\" data-placeholder=\"P\u0159eklad\"><span class=\"Y2IQFc\" lang=\"sk\">pou\u017e\u00edvaj\u00fa mont\u00e1\u017enici okien alebo sklen\u00e1ri <\/span><\/li>\n<li class=\"tw-data-text tw-text-large tw-ta\" dir=\"ltr\" data-placeholder=\"P\u0159eklad\"><span class=\"Y2IQFc\" lang=\"sk\">sl\u00fa\u017ei <strong>na prizdvihovanie<\/strong> izola\u010dn\u00fdch skiel \/ n\u00e1kladov a n\u00e1slednom podkladan\u00ed di\u0161tan\u010dn\u00fdmi podlo\u017ekami<\/span><\/li>\n<\/ul>\n","protected":false},"featured_media":9809,"comment_status":"open","ping_status":"closed","template":"","meta":[],"product_cat":[68,216,81],"product_tag":[],"_links":{"self":[{"href":"https:\/\/www.brikol.sk\/hu\/wp-json\/wp\/v2\/product\/9808"}],"collection":[{"href":"https:\/\/www.brikol.sk\/hu\/wp-json\/wp\/v2\/product"}],"about":[{"href":"https:\/\/www.brikol.sk\/hu\/wp-json\/wp\/v2\/types\/product"}],"replies":[{"embeddable":true,"href":"https:\/\/www.brikol.sk\/hu\/wp-json\/wp\/v2\/comments?post=9808"}],"wp:featuredmedia":[{"embeddable":true,"href":"https:\/\/www.brikol.sk\/hu\/wp-json\/wp\/v2\/media\/9809"}],"wp:attachment":[{"href":"https:\/\/www.brikol.sk\/hu\/wp-json\/wp\/v2\/media?parent=9808"}],"wp:term":[{"taxonomy":"product_cat","embeddable":true,"href":"https:\/\/www.brikol.sk\/hu\/wp-json\/wp\/v2\/product_cat?post=9808"},{"taxonomy":"product_tag","embeddable":true,"href":"https:\/\/www.brikol.sk\/hu\/wp-json\/wp\/v2\/product_tag?post=9808"}],"curies":[{"name":"wp","href":"https:\/\/api.w.org\/{rel}","templated":true}]}}