{"id":9966,"date":"2024-01-16T14:39:37","date_gmt":"2024-01-16T13:39:37","guid":{"rendered":"https:\/\/www.brikol.sk\/?post_type=product&#038;p=9966"},"modified":"2026-03-20T08:20:11","modified_gmt":"2026-03-20T07:20:11","slug":"alpen-spiralovy-vrtak-sprint-master-din338rn-25-kus","status":"publish","type":"product","link":"https:\/\/www.brikol.sk\/hu\/produkt\/alpen-spiralovy-vrtak-sprint-master-din338rn-25-kus\/","title":{"rendered":"Alpen \u0161pir\u00e1lov\u00fd vrt\u00e1k Sprint Master DIN338RN 2,5 \/ kus"},"content":{"rendered":"<p>Vrt\u00e1k z\u00a0materi\u00e1lu HSS bol vytvoren\u00fd pre v\u0155tanie presn\u00fdch kruhovit\u00fdch otvorov do v\u0161etk\u00fdch materi\u00e1lov s\u00a0norm\u00e1lnou pevnos\u0165ou. Pou\u017e\u00edva sa na v\u0155tanie do \u017eeleza, mosadze, zliatin , farebn\u00fdch kovov, legovanej a\u00a0nelegovanej ocele, dreva a\u00a0plastu. Sp\u013a\u0148a normu DIN 338, typ skrutkovice RN, norm\u00e1l v\u00a0pravoreznom preveden\u00ed.<\/p>\n<p>Ostrie 118\u00b0 so zlep\u0161en\u00fdm v\u0155tac\u00edm v\u00fdkonom<\/p>\n<ul>\n<li><strong>Priemer :<\/strong>\u00a0 \u00a0 \u00a0 \u00a0 \u00a0 2,5mm<\/li>\n<li><strong>Uhol hrotu<\/strong>:\u00a0 \u00a0 \u00a0 118\u00b0<\/li>\n<li><strong>Norma:\u00a0 \u00a0 \u00a0 \u00a0 \u00a0 \u00a0\u00a0<\/strong> Din338<\/li>\n<li><strong>Pou\u017eitie:\u00a0 \u00a0 \u00a0 \u00a0 \u00a0<\/strong>\u00a0\u017eelezo, mosadz, farebn\u00e9 kovy, drevo, plast\u2026<\/li>\n<li><b>Materi\u00e1l:\u00a0 \u00a0 \u00a0 \u00a0 \u00a0<\/b>\u00a0HSS<\/li>\n<\/ul>\n","protected":false},"excerpt":{"rendered":"<p>Vrt\u00e1k z materi\u00e1lu HSS bol vytvoren\u00fd pre v\u0155tanie presn\u00fdch kruhovit\u00fdch otvorov do v\u0161etk\u00fdch materi\u00e1lov s norm\u00e1lnou pevnos\u0165ou. Pou\u017e\u00edva sa na v\u0155tanie do \u017eeleza, mosadze, zliatin , farebn\u00fdch kovov, legovanej a nelegovanej ocele, dreva a plastu.<\/p>\n<p>Ostrie 118\u00b0 so zlep\u0161en\u00fdm v\u0155tac\u00edm v\u00fdkonom.<\/p>\n","protected":false},"featured_media":9965,"comment_status":"open","ping_status":"closed","template":"","meta":[],"product_cat":[65,68,216],"product_tag":[],"_links":{"self":[{"href":"https:\/\/www.brikol.sk\/hu\/wp-json\/wp\/v2\/product\/9966"}],"collection":[{"href":"https:\/\/www.brikol.sk\/hu\/wp-json\/wp\/v2\/product"}],"about":[{"href":"https:\/\/www.brikol.sk\/hu\/wp-json\/wp\/v2\/types\/product"}],"replies":[{"embeddable":true,"href":"https:\/\/www.brikol.sk\/hu\/wp-json\/wp\/v2\/comments?post=9966"}],"wp:featuredmedia":[{"embeddable":true,"href":"https:\/\/www.brikol.sk\/hu\/wp-json\/wp\/v2\/media\/9965"}],"wp:attachment":[{"href":"https:\/\/www.brikol.sk\/hu\/wp-json\/wp\/v2\/media?parent=9966"}],"wp:term":[{"taxonomy":"product_cat","embeddable":true,"href":"https:\/\/www.brikol.sk\/hu\/wp-json\/wp\/v2\/product_cat?post=9966"},{"taxonomy":"product_tag","embeddable":true,"href":"https:\/\/www.brikol.sk\/hu\/wp-json\/wp\/v2\/product_tag?post=9966"}],"curies":[{"name":"wp","href":"https:\/\/api.w.org\/{rel}","templated":true}]}}